{"id":1662,"date":"2022-03-11T16:39:51","date_gmt":"2022-03-11T08:39:51","guid":{"rendered":"http:\/\/ie-ac.org\/?page_id=1662"},"modified":"2022-03-11T18:09:49","modified_gmt":"2022-03-11T10:09:49","slug":"sino-french-study-tour-program","status":"publish","type":"page","link":"https:\/\/ie-ac.org\/fr\/sino-french-study-tour-program\/","title":{"rendered":"Sino-French Study Tour Program"},"content":{"rendered":"<div data-colibri-id=\"1662-c233\" class=\"style-2498 style-local-1662-c233 position-relative\">\n  <!---->\n  <div data-colibri-component=\"section\" data-colibri-id=\"1662-c234\" id=\"custom\" class=\"h-section h-section-global-spacing d-flex align-items-lg-center align-items-md-center align-items-center style-2515 style-local-1662-c234 position-relative\">\n    <!---->\n    <!---->\n    <div class=\"h-section-grid-container h-section-boxed-container\">\n      <!---->\n      <div data-colibri-id=\"1662-c235\" class=\"h-row-container gutters-row-lg-2 gutters-row-md-2 gutters-row-0 gutters-row-v-lg-2 gutters-row-v-md-2 gutters-row-v-2 style-2516 style-local-1662-c235 position-relative\">\n        <div class=\"background-wrapper\">\n          <div class=\"background-layer background-layer-media-container-lg\">\n            <!---->\n            <div class=\"overlay-layer\">\n              <div class=\"overlay-image-layer\" style=\"background-color: rgb(0, 0, 0); opacity: 0.5;\"><\/div>\n            <\/div>\n          <\/div>\n          <div class=\"background-layer background-layer-media-container-md\">\n            <!---->\n            <div class=\"overlay-layer\">\n              <div class=\"overlay-image-layer\" style=\"background-color: rgb(0, 0, 0); opacity: 0.5;\"><\/div>\n            <\/div>\n          <\/div>\n          <div class=\"background-layer background-layer-media-container\">\n            <!---->\n            <div class=\"overlay-layer\">\n              <div class=\"overlay-image-layer\" style=\"background-color: rgb(0, 0, 0); opacity: 0.5;\"><\/div>\n            <\/div>\n          <\/div>\n        <\/div>\n        <div class=\"h-row justify-content-lg-center justify-content-md-center justify-content-center align-items-lg-stretch align-items-md-stretch align-items-stretch gutters-col-lg-2 gutters-col-md-2 gutters-col-0 gutters-col-v-lg-2 gutters-col-v-md-2 gutters-col-v-2\">\n          <!---->\n          <div class=\"h-column h-column-container d-flex h-col-lg-auto h-col-md-auto h-col-auto style-2517-outer style-local-1662-c236-outer\">\n            <div data-colibri-id=\"1662-c236\" class=\"d-flex h-flex-basis h-column__inner h-px-lg-2 h-px-md-2 h-px-2 v-inner-lg-2 v-inner-md-2 v-inner-2 style-2517 style-local-1662-c236 position-relative\">\n              <!---->\n              <!---->\n              <div class=\"w-100 h-y-container h-column__content h-column__v-align flex-basis-100 align-self-lg-start align-self-md-start align-self-start\">\n                <!---->\n                <div data-colibri-id=\"1662-c237\" class=\"style-2626 style-local-1662-c237 position-relative h-element\">\n                  <!---->\n                <\/div>\n                <div data-colibri-id=\"1662-c238\" class=\"h-global-transition-all h-heading style-2518 style-local-1662-c238 position-relative h-element\">\n                  <!---->\n                  <div class=\"h-heading__outer style-2518 style-local-1662-c238\">\n                    <!---->\n                    <!---->\n                    <h1 class=\"\">Programme de voyages d'\u00e9tude Asie-Europe<\/h1>\n                  <\/div>\n                <\/div>\n                <div data-colibri-id=\"1662-c239\" class=\"h-icon style-2521 style-local-1662-c239 position-relative h-element\">\n                  <!----><span class=\"h-svg-icon h-icon__icon style-2521-icon style-local-1662-c239-icon\"><!--Icon by Font Awesome (https:\/\/fontawesome.com)--><svg version=\"1.1\" xmlns=\"http:\/\/www.w3.org\/2000\/svg\" xmlns:xlink=\"http:\/\/www.w3.org\/1999\/xlink\" id=\"ellipsis-h\" viewbox=\"0 0 1408 1896.0833\"><path d=\"M384 736v192q0 40-28 68t-68 28H96q-40 0-68-28T0 928V736q0-40 28-68t68-28h192q40 0 68 28t28 68zm512 0v192q0 40-28 68t-68 28H608q-40 0-68-28t-28-68V736q0-40 28-68t68-28h192q40 0 68 28t28 68zm512 0v192q0 40-28 68t-68 28h-192q-40 0-68-28t-28-68V736q0-40 28-68t68-28h192q40 0 68 28t28 68z\"><\/path><\/svg><\/span><\/div>\n                <div\n                  data-colibri-id=\"1662-c240\" class=\"h-text h-text-component style-2519 style-local-1662-c240 position-relative h-element\">\n                  <!---->\n                  <!---->\n                  <div class=\"\">\n                    <p>L'IEAC esp\u00e8re promouvoir l'\u00e9change et la compr\u00e9hension des \u00e9tudiants europ\u00e9ens et asiatiques \u00e0 travers le programme de voyages d'\u00e9tudes sino-fran\u00e7ais et encourager les \u00e9tudiants des deux continents \u00e0 communiquer.<\/p>\n                  <\/div>\n              <\/div>\n              <div data-colibri-id=\"1662-c241\" class=\"style-2627 style-local-1662-c241 position-relative h-element\">\n                <!---->\n              <\/div>\n            <\/div>\n          <\/div>\n        <\/div>\n      <\/div>\n    <\/div>\n  <\/div>\n<\/div>\n<div data-colibri-component=\"section\" data-colibri-id=\"1662-c242\" id=\"custom-3\" class=\"h-section h-section-global-spacing d-flex align-items-lg-center align-items-md-center align-items-center style-2534 style-local-1662-c242 position-relative\">\n  <!---->\n  <!---->\n  <div class=\"h-section-grid-container h-section-boxed-container\">\n    <!---->\n    <div data-colibri-id=\"1662-c243\" class=\"h-row-container gutters-row-lg-2 gutters-row-md-2 gutters-row-0 gutters-row-v-lg-2 gutters-row-v-md-2 gutters-row-v-2 style-2535 style-local-1662-c243 position-relative\">\n      <!---->\n      <div class=\"h-row justify-content-lg-center justify-content-md-center justify-content-center align-items-lg-stretch align-items-md-stretch align-items-stretch gutters-col-lg-2 gutters-col-md-2 gutters-col-0 gutters-col-v-lg-2 gutters-col-v-md-2 gutters-col-v-2\">\n        <!---->\n        <div class=\"h-column h-column-container d-flex h-col-lg-auto h-col-md-auto h-col-auto style-2536-outer style-local-1662-c244-outer\">\n          <div data-colibri-id=\"1662-c244\" class=\"d-flex h-flex-basis h-column__inner h-px-lg-2 h-px-md-2 h-px-2 v-inner-lg-2 v-inner-md-2 v-inner-2 style-2536 style-local-1662-c244 position-relative\">\n            <!---->\n            <!---->\n            <div class=\"w-100 h-y-container h-column__content h-column__v-align flex-basis-100 align-self-lg-center align-self-md-center align-self-center\">\n              <!---->\n              <div data-colibri-id=\"1662-c245\" class=\"d-block style-2540 style-local-1662-c245 position-relative h-element\">\n                <!---->\n                <div class=\"h-image__frame-container-outer\">\n                  <div class=\"h-image__frame-container\">\n                    <!---->\n                    <!---->\n                    <img loading=\"lazy\" decoding=\"async\" width=\"1920\" height=\"1080\" src=\"http:\/\/ie-ac.org\/wp-content\/uploads\/2022\/03\/\u5df4\u9ece\u5927\u5b66.jpg\" class=\"wp-image-1764 style-2540-image style-local-1662-c245-image\" alt=\"\" srcset=\"https:\/\/ie-ac.org\/wp-content\/uploads\/2022\/03\/\u5df4\u9ece\u5927\u5b66.jpg 1920w, https:\/\/ie-ac.org\/wp-content\/uploads\/2022\/03\/\u5df4\u9ece\u5927\u5b66-300x169.jpg 300w, https:\/\/ie-ac.org\/wp-content\/uploads\/2022\/03\/\u5df4\u9ece\u5927\u5b66-1024x576.jpg 1024w, https:\/\/ie-ac.org\/wp-content\/uploads\/2022\/03\/\u5df4\u9ece\u5927\u5b66-768x432.jpg 768w, https:\/\/ie-ac.org\/wp-content\/uploads\/2022\/03\/\u5df4\u9ece\u5927\u5b66-1536x864.jpg 1536w\" sizes=\"auto, (max-width: 1920px) 100vw, 1920px\" \/>\n                    <div class=\"h-image__frame h-hide-lg h-hide-md h-hide-sm style-2540-frameImage style-local-1662-c245-frameImage\"><\/div>\n                  <\/div>\n                <\/div>\n              <\/div>\n            <\/div>\n          <\/div>\n        <\/div>\n        <div class=\"h-column h-column-container d-flex h-col-lg-auto h-col-md-auto h-col-auto style-2537-outer style-local-1662-c246-outer\">\n          <div data-colibri-id=\"1662-c246\" class=\"d-flex h-flex-basis h-column__inner h-px-lg-2 h-px-md-2 h-px-2 v-inner-lg-2 v-inner-md-2 v-inner-2 style-2537 style-local-1662-c246 position-relative\">\n            <!---->\n            <!---->\n            <div class=\"w-100 h-y-container h-column__content h-column__v-align flex-basis-100 align-self-lg-center align-self-md-center align-self-center\">\n              <!---->\n              <div data-colibri-id=\"1662-c247\" class=\"h-icon style-2529 style-local-1662-c247 position-relative h-element\">\n                <!----><span class=\"h-svg-icon h-icon__icon style-2529-icon style-local-1662-c247-icon\"><!--Icon by Font Awesome (https:\/\/fontawesome.com)--><svg version=\"1.1\" xmlns=\"http:\/\/www.w3.org\/2000\/svg\" xmlns:xlink=\"http:\/\/www.w3.org\/1999\/xlink\" id=\"quote-left\" viewbox=\"0 0 1664 1896.0833\"><path d=\"M768 960v384q0 80-56 136t-136 56H192q-80 0-136-56T0 1344V640q0-104 40.5-198.5T150 278t163.5-109.5T512 128h64q26 0 45 19t19 45v128q0 26-19 45t-45 19h-64q-106 0-181 75t-75 181v32q0 40 28 68t68 28h224q80 0 136 56t56 136zm896 0v384q0 80-56 136t-136 56h-384q-80 0-136-56t-56-136V640q0-104 40.5-198.5T1046 278t163.5-109.5T1408 128h64q26 0 45 19t19 45v128q0 26-19 45t-45 19h-64q-106 0-181 75t-75 181v32q0 40 28 68t68 28h224q80 0 136 56t56 136z\"><\/path><\/svg><\/span><\/div>\n              <div\n                data-colibri-id=\"1662-c248\" class=\"h-global-transition-all h-heading style-2538 style-local-1662-c248 position-relative h-element\">\n                <!---->\n                <div class=\"h-heading__outer style-2538 style-local-1662-c248\">\n                  <!---->\n                  <!---->\n                  <h1 class=\"\">Voyage d'\u00e9tude en France<\/h1>\n                <\/div>\n            <\/div>\n            <div data-colibri-id=\"1662-c249\" class=\"h-text h-text-component style-2539 style-local-1662-c249 position-relative h-element\">\n              <!---->\n              <!---->\n              <div class=\"\">\n                <p>Le voyage d'\u00e9tude en fran\u00e7ais de l'IEAC permet aux \u00e9tudiants asiatiques d'am\u00e9liorer rapidement leur fran\u00e7ais tout en faisant l'exp\u00e9rience de la vie fran\u00e7aise. Il convient aux \u00e9tudiants de tout niveau de fran\u00e7ais, mais si le fran\u00e7ais atteint la norme linguistique europ\u00e9enne commune B1 ou sup\u00e9rieure et peut communiquer en fran\u00e7ais simple, cela rendra le voyage d'\u00e9tude en France plus efficace. Les voyages d'\u00e9tudes en fran\u00e7ais comprennent des cours de fran\u00e7ais d'une demi-journ\u00e9e ou m\u00eame d'une journ\u00e9e du lundi au vendredi, des visites de la ville et des d\u00e9couvertes culturelles, des activit\u00e9s avec des familles d'accueil, etc., pour que vous soyez un vrai fran\u00e7ais.<\/p>\n              <\/div>\n            <\/div>\n            <div data-colibri-id=\"1662-c250\" class=\"h-x-container style-2541 style-local-1662-c250 position-relative h-element\">\n              <!---->\n              <div class=\"h-x-container-inner style-dynamic-1662-c250-group style-2541-spacing style-local-1662-c250-spacing\"><span class=\"h-button__outer style-2542-outer style-local-1662-c251-outer d-inline-flex h-element\"><a h-use-smooth-scroll=\"true\" href=\"http:\/\/ie-ac.org\/index.php\/china-study-tour-program\"  data-colibri-id=\"1662-c251\" class=\"d-flex w-100 align-items-center h-button justify-content-lg-center justify-content-md-center justify-content-center style-2542 style-local-1662-c251 position-relative\"><!----><!----> <span>Suite &gt;<\/span><\/a>\n                <\/span>\n              <\/div>\n            <\/div>\n            <div data-colibri-id=\"1662-c252\" class=\"h-icon style-2533 style-local-1662-c252 position-relative h-element\">\n              <!----><span class=\"h-svg-icon h-icon__icon style-2533-icon style-local-1662-c252-icon\"><!--Icon by Font Awesome (https:\/\/fontawesome.com)--><svg version=\"1.1\" xmlns=\"http:\/\/www.w3.org\/2000\/svg\" xmlns:xlink=\"http:\/\/www.w3.org\/1999\/xlink\" id=\"quote-right\" viewbox=\"0 0 1664 1896.0833\"><path d=\"M768 320v704q0 104-40.5 198.5T618 1386t-163.5 109.5T256 1536h-64q-26 0-45-19t-19-45v-128q0-26 19-45t45-19h64q106 0 181-75t75-181v-32q0-40-28-68t-68-28H192q-80 0-136-56T0 704V320q0-80 56-136t136-56h384q80 0 136 56t56 136zm896 0v704q0 104-40.5 198.5T1514 1386t-163.5 109.5T1152 1536h-64q-26 0-45-19t-19-45v-128q0-26 19-45t45-19h64q106 0 181-75t75-181v-32q0-40-28-68t-68-28h-224q-80 0-136-56t-56-136V320q0-80 56-136t136-56h384q80 0 136 56t56 136z\"><\/path><\/svg><\/span><\/div>\n          <\/div>\n        <\/div>\n      <\/div>\n    <\/div>\n  <\/div>\n<\/div>\n<\/div>\n<div data-colibri-component=\"section\" data-colibri-id=\"1662-c253\" id=\"custom-2\" class=\"h-section h-section-global-spacing d-flex align-items-lg-center align-items-md-center align-items-center style-2522 style-local-1662-c253 position-relative\">\n  <!---->\n  <!---->\n  <div class=\"h-section-grid-container h-section-boxed-container\">\n    <!---->\n    <div data-colibri-id=\"1662-c254\" class=\"h-row-container gutters-row-lg-2 gutters-row-md-2 gutters-row-0 gutters-row-v-lg-2 gutters-row-v-md-2 gutters-row-v-2 style-2523 style-local-1662-c254 position-relative\">\n      <!---->\n      <div class=\"h-row justify-content-lg-center justify-content-md-center justify-content-center align-items-lg-stretch align-items-md-stretch align-items-stretch gutters-col-lg-2 gutters-col-md-2 gutters-col-0 gutters-col-v-lg-2 gutters-col-v-md-2 gutters-col-v-2\">\n        <!---->\n        <div class=\"h-column h-column-container d-flex h-col-lg-auto h-col-md-auto h-col-auto style-2524-outer style-local-1662-c255-outer\">\n          <div data-colibri-id=\"1662-c255\" class=\"d-flex h-flex-basis h-column__inner h-px-lg-2 h-px-md-2 h-px-2 v-inner-lg-2 v-inner-md-2 v-inner-2 style-2524 style-local-1662-c255 position-relative\">\n            <!---->\n            <!---->\n            <div class=\"w-100 h-y-container h-column__content h-column__v-align flex-basis-100 align-self-lg-center align-self-md-center align-self-center\">\n              <!---->\n              <div data-colibri-id=\"1662-c256\" class=\"h-icon style-2529 style-local-1662-c256 position-relative h-element\">\n                <!----><span class=\"h-svg-icon h-icon__icon style-2529-icon style-local-1662-c256-icon\"><!--Icon by Font Awesome (https:\/\/fontawesome.com)--><svg version=\"1.1\" xmlns=\"http:\/\/www.w3.org\/2000\/svg\" xmlns:xlink=\"http:\/\/www.w3.org\/1999\/xlink\" id=\"quote-left\" viewbox=\"0 0 1664 1896.0833\"><path d=\"M768 960v384q0 80-56 136t-136 56H192q-80 0-136-56T0 1344V640q0-104 40.5-198.5T150 278t163.5-109.5T512 128h64q26 0 45 19t19 45v128q0 26-19 45t-45 19h-64q-106 0-181 75t-75 181v32q0 40 28 68t68 28h224q80 0 136 56t56 136zm896 0v384q0 80-56 136t-136 56h-384q-80 0-136-56t-56-136V640q0-104 40.5-198.5T1046 278t163.5-109.5T1408 128h64q26 0 45 19t19 45v128q0 26-19 45t-45 19h-64q-106 0-181 75t-75 181v32q0 40 28 68t68 28h224q80 0 136 56t56 136z\"><\/path><\/svg><\/span><\/div>\n              <div\n                data-colibri-id=\"1662-c257\" class=\"h-global-transition-all h-heading style-2526 style-local-1662-c257 position-relative h-element\">\n                <!---->\n                <div class=\"h-heading__outer style-2526 style-local-1662-c257\">\n                  <!---->\n                  <!---->\n                  <h1 class=\"\">Voyage d'\u00e9tude en Chine<\/h1>\n                <\/div>\n            <\/div>\n            <div data-colibri-id=\"1662-c258\" class=\"h-text h-text-component style-2527 style-local-1662-c258 position-relative h-element\">\n              <!---->\n              <!---->\n              <div class=\"\">\n                <p>Le programme China Study Tour de l'IEAC aide les \u00e9tudiants europ\u00e9ens \u00e0 d\u00e9couvrir la Chine, bien s\u00fbr, dans des universit\u00e9s chinoises c\u00e9l\u00e8bres, mais aussi dans des villages moins connus qui n'ont \u00e9t\u00e9 introduits dans des installations modernes qu'au cours des 20 derni\u00e8res ann\u00e9es, \u00e0 des si\u00e8cles de Le paysage naturel de renomm\u00e9e mondiale qui symbolise la Chine, et la m\u00e9tropole mondiale chinoise poss\u00e8de des gratte-ciel imposants, des trains \u00e0 grande vitesse, des lumi\u00e8res urbaines \u00e9blouissantes et certains des PIB les plus \u00e9lev\u00e9s au monde.<\/p>\n              <\/div>\n            <\/div>\n            <div data-colibri-id=\"1662-c259\" class=\"h-x-container style-2530 style-local-1662-c259 position-relative h-element\">\n              <!---->\n              <div class=\"h-x-container-inner style-dynamic-1662-c259-group style-2530-spacing style-local-1662-c259-spacing\"><span class=\"h-button__outer style-2531-outer style-local-1662-c260-outer d-inline-flex h-element\"><a h-use-smooth-scroll=\"true\" href=\"http:\/\/ie-ac.org\/index.php\/study-tour-in-china\"  data-colibri-id=\"1662-c260\" class=\"d-flex w-100 align-items-center h-button justify-content-lg-center justify-content-md-center justify-content-center style-2531 style-local-1662-c260 position-relative\"><!----><!----> <span>Suite &gt;<\/span><\/a>\n                <\/span>\n              <\/div>\n            <\/div>\n            <div data-colibri-id=\"1662-c261\" class=\"h-icon style-2533 style-local-1662-c261 position-relative h-element\">\n              <!----><span class=\"h-svg-icon h-icon__icon style-2533-icon style-local-1662-c261-icon\"><!--Icon by Font Awesome (https:\/\/fontawesome.com)--><svg version=\"1.1\" xmlns=\"http:\/\/www.w3.org\/2000\/svg\" xmlns:xlink=\"http:\/\/www.w3.org\/1999\/xlink\" id=\"quote-right\" viewbox=\"0 0 1664 1896.0833\"><path d=\"M768 320v704q0 104-40.5 198.5T618 1386t-163.5 109.5T256 1536h-64q-26 0-45-19t-19-45v-128q0-26 19-45t45-19h64q106 0 181-75t75-181v-32q0-40-28-68t-68-28H192q-80 0-136-56T0 704V320q0-80 56-136t136-56h384q80 0 136 56t56 136zm896 0v704q0 104-40.5 198.5T1514 1386t-163.5 109.5T1152 1536h-64q-26 0-45-19t-19-45v-128q0-26 19-45t45-19h64q106 0 181-75t75-181v-32q0-40-28-68t-68-28h-224q-80 0-136-56t-56-136V320q0-80 56-136t136-56h384q80 0 136 56t56 136z\"><\/path><\/svg><\/span><\/div>\n          <\/div>\n        <\/div>\n      <\/div>\n      <div class=\"h-column h-column-container d-flex h-col-lg-auto h-col-md-auto h-col-auto style-2525-outer style-local-1662-c262-outer\">\n        <div data-colibri-id=\"1662-c262\" class=\"d-flex h-flex-basis h-column__inner h-px-lg-2 h-px-md-2 h-px-2 v-inner-lg-2 v-inner-md-2 v-inner-2 style-2525 style-local-1662-c262 position-relative\">\n          <!---->\n          <!---->\n          <div class=\"w-100 h-y-container h-column__content h-column__v-align flex-basis-100 align-self-lg-center align-self-md-center align-self-center\">\n            <!---->\n            <div data-colibri-id=\"1662-c263\" class=\"d-block style-2532 style-local-1662-c263 position-relative h-element\">\n              <!---->\n              <div class=\"h-image__frame-container-outer\">\n                <div class=\"h-image__frame-container\">\n                  <!---->\n                  <!---->\n                  <img loading=\"lazy\" decoding=\"async\" width=\"1417\" height=\"797\" src=\"http:\/\/ie-ac.org\/wp-content\/uploads\/2022\/03\/\u5317\u4eac\u5927\u5b66.jpg\" class=\"wp-image-1763 style-2532-image style-local-1662-c263-image\" alt=\"\" srcset=\"https:\/\/ie-ac.org\/wp-content\/uploads\/2022\/03\/\u5317\u4eac\u5927\u5b66.jpg 1417w, https:\/\/ie-ac.org\/wp-content\/uploads\/2022\/03\/\u5317\u4eac\u5927\u5b66-300x169.jpg 300w, https:\/\/ie-ac.org\/wp-content\/uploads\/2022\/03\/\u5317\u4eac\u5927\u5b66-1024x576.jpg 1024w, https:\/\/ie-ac.org\/wp-content\/uploads\/2022\/03\/\u5317\u4eac\u5927\u5b66-768x432.jpg 768w\" sizes=\"auto, (max-width: 1417px) 100vw, 1417px\" \/>\n                  <div class=\"h-image__frame h-hide-lg h-hide-md h-hide-sm style-2532-frameImage style-local-1662-c263-frameImage\"><\/div>\n                <\/div>\n              <\/div>\n            <\/div>\n          <\/div>\n        <\/div>\n      <\/div>\n    <\/div>\n  <\/div>\n<\/div>\n<\/div>\n<\/div>","protected":false},"excerpt":{"rendered":"<p>Asia-Europe Study Tour Program IEAC hopes to promote the exchange and understanding of European and Asian students through the Sino-French Study Tour Program, and encourage students from the two continents to communicate. Study tour in France IEAC&#8217;s French study tour allows Asian students to quickly improve their French while experiencing French life. It is suitable [&hellip;]<\/p>","protected":false},"author":1,"featured_media":0,"parent":0,"menu_order":0,"comment_status":"closed","ping_status":"closed","template":"page-templates\/full-width-page.php","meta":{"footnotes":""},"class_list":["post-1662","page","type-page","status-publish","hentry"],"_links":{"self":[{"href":"https:\/\/ie-ac.org\/fr\/wp-json\/wp\/v2\/pages\/1662","targetHints":{"allow":["GET"]}}],"collection":[{"href":"https:\/\/ie-ac.org\/fr\/wp-json\/wp\/v2\/pages"}],"about":[{"href":"https:\/\/ie-ac.org\/fr\/wp-json\/wp\/v2\/types\/page"}],"author":[{"embeddable":true,"href":"https:\/\/ie-ac.org\/fr\/wp-json\/wp\/v2\/users\/1"}],"replies":[{"embeddable":true,"href":"https:\/\/ie-ac.org\/fr\/wp-json\/wp\/v2\/comments?post=1662"}],"version-history":[{"count":18,"href":"https:\/\/ie-ac.org\/fr\/wp-json\/wp\/v2\/pages\/1662\/revisions"}],"predecessor-version":[{"id":1974,"href":"https:\/\/ie-ac.org\/fr\/wp-json\/wp\/v2\/pages\/1662\/revisions\/1974"}],"wp:attachment":[{"href":"https:\/\/ie-ac.org\/fr\/wp-json\/wp\/v2\/media?parent=1662"}],"curies":[{"name":"wp","href":"https:\/\/api.w.org\/{rel}","templated":true}]}}