{"id":242,"date":"2022-03-03T13:17:56","date_gmt":"2022-03-03T05:17:56","guid":{"rendered":"http:\/\/ie-ac.org\/?page_id=242"},"modified":"2025-09-23T05:13:24","modified_gmt":"2025-09-23T03:13:24","slug":"about-us","status":"publish","type":"page","link":"https:\/\/ie-ac.org\/fr\/about-us\/","title":{"rendered":"\u00c0 propos de nous"},"content":{"rendered":"<div data-colibri-id=\"242-c1\" class=\"style-1345 style-local-242-c1 position-relative\">\n  <!---->\n  <div data-colibri-component=\"section\" data-colibri-id=\"242-c2\" id=\"custom-2\" class=\"h-section h-section-global-spacing d-flex align-items-lg-center align-items-md-center align-items-center style-2183 style-local-242-c2 position-relative\">\n    <!---->\n    <!---->\n    <div class=\"h-section-grid-container h-section-boxed-container\">\n      <!---->\n      <div data-colibri-id=\"242-c3\" class=\"h-row-container gutters-row-lg-2 gutters-row-md-2 gutters-row-0 gutters-row-v-lg-2 gutters-row-v-md-2 gutters-row-v-2 style-2188 style-local-242-c3 position-relative\">\n        <!---->\n        <div class=\"h-row justify-content-lg-center justify-content-md-center justify-content-center align-items-lg-stretch align-items-md-stretch align-items-stretch gutters-col-lg-2 gutters-col-md-2 gutters-col-0 gutters-col-v-lg-2 gutters-col-v-md-2 gutters-col-v-2\">\n          <!---->\n          <div class=\"h-column h-column-container d-flex h-col-lg-auto h-col-md-auto h-col-auto style-2189-outer style-local-242-c4-outer\">\n            <div data-colibri-id=\"242-c4\" class=\"d-flex h-flex-basis h-column__inner h-px-lg-2 h-px-md-2 h-px-2 v-inner-lg-2 v-inner-md-2 v-inner-2 style-2189 style-local-242-c4 position-relative\">\n              <!---->\n              <!---->\n              <div class=\"w-100 h-y-container h-column__content h-column__v-align flex-basis-100 align-self-lg-start align-self-md-start align-self-start\">\n                <!---->\n                <div data-colibri-id=\"242-c5\" class=\"h-global-transition-all h-heading style-2190 style-local-242-c5 position-relative h-element\">\n                  <!---->\n                  <div class=\"h-heading__outer style-2190 style-local-242-c5\">\n                    <!---->\n                    <!---->\n                    <h1 class=\"\"><span style=\"font-weight: 600; font-family: Poppins;\">\u00c0 propos de nous<\/span><\/h1>\n                  <\/div>\n                <\/div>\n                <div data-colibri-id=\"242-c6\" class=\"h-icon style-2192 style-local-242-c6 position-relative h-element\">\n                  <!----><span class=\"h-svg-icon h-icon__icon style-2192-icon style-local-242-c6-icon\"><!--Icon by Font Awesome (https:\/\/fontawesome.com)--><svg version=\"1.1\" xmlns=\"http:\/\/www.w3.org\/2000\/svg\" xmlns:xlink=\"http:\/\/www.w3.org\/1999\/xlink\" id=\"ellipsis-h\" viewbox=\"0 0 1408 1896.0833\"><path d=\"M384 736v192q0 40-28 68t-68 28H96q-40 0-68-28T0 928V736q0-40 28-68t68-28h192q40 0 68 28t28 68zm512 0v192q0 40-28 68t-68 28H608q-40 0-68-28t-28-68V736q0-40 28-68t68-28h192q40 0 68 28t28 68zm512 0v192q0 40-28 68t-68 28h-192q-40 0-68-28t-28-68V736q0-40 28-68t68-28h192q40 0 68 28t28 68z\"><\/path><\/svg><\/span><\/div>\n                <div\n                  data-colibri-id=\"242-c7\" class=\"h-text h-text-component style-1426 style-local-242-c7 position-relative h-element\">\n                  <!---->\n                  <!---->\n                  <div class=\"\">\n                    <p>The Institute of Euro-Asian Culture (IEAC) is an international non profit organization and a member institution of the Talent Development Academy for International Organizations (TDAIO).&nbsp;<span style=\"font-family: Poppins;\">We seek to develop a peaceful and amicable cultural exchange platform for European and Asian countries by encouraging people from various cultural backgrounds to embrace and understand one another.<\/span><\/p>\n                    <p><span style=\"font-family: Poppins;\">C'est une t\u00e2che importante pour l'IEAC de r\u00e9aliser des \u00e9changes internationaux, qui incluent, mais sans s'y limiter, de nombreux aspects tels que la culture, l'\u00e9ducation et l'\u00e9conomie. Nous pouvons promouvoir une communication et une coop\u00e9ration continues entre les pays, les r\u00e9gions, les organisations et les individus en organisant des projets, des \u00e9tudes universitaires, des s\u00e9minaires, etc. sur divers sujets.<\/span><\/p>\n                    <p><span style=\"font-family: Poppins;\">L'IEAC attache une grande importance au d\u00e9veloppement professionnel de ses membres. Il fournira aux membres des activit\u00e9s internationales, des conf\u00e9rences, des informations et une assistance, permettant \u00e0 davantage de personnes de participer et de contribuer \u00e0 la promotion des \u00e9changes et de la coop\u00e9ration eurasienne.<\/span><\/p>\n                  <\/div>\n              <\/div>\n            <\/div>\n          <\/div>\n        <\/div>\n      <\/div>\n    <\/div>\n    <div data-colibri-id=\"242-c8\" class=\"h-row-container gutters-row-lg-2 gutters-row-md-2 gutters-row-0 gutters-row-v-lg-2 gutters-row-v-md-2 gutters-row-v-2 style-2186 style-local-242-c8 position-relative\">\n      <!---->\n      <div class=\"h-row justify-content-lg-center justify-content-md-center justify-content-center align-items-lg-stretch align-items-md-stretch align-items-stretch gutters-col-lg-2 gutters-col-md-2 gutters-col-0 gutters-col-v-lg-2 gutters-col-v-md-2 gutters-col-v-2\">\n        <!---->\n        <div class=\"h-column h-column-container d-flex h-col-lg-auto h-col-md-auto h-col-auto style-2187-outer style-local-242-c9-outer\">\n          <div data-colibri-id=\"242-c9\" class=\"d-flex h-flex-basis h-column__inner h-px-lg-2 h-px-md-2 h-px-2 v-inner-lg-2 v-inner-md-2 v-inner-2 style-2187 style-local-242-c9 position-relative\">\n            <!---->\n            <!---->\n            <div class=\"w-100 h-y-container h-column__content h-column__v-align flex-basis-100 align-self-lg-start align-self-md-start align-self-start\">\n              <!---->\n              <div data-colibri-id=\"242-c10\" class=\"d-block style-2193 style-local-242-c10 position-relative h-element\">\n                <!---->\n                <div class=\"h-image__frame-container-outer\">\n                  <div class=\"h-image__frame-container\">\n                    <!---->\n                    <!---->\n                    <img loading=\"lazy\" decoding=\"async\" width=\"1500\" height=\"529\" src=\"http:\/\/ie-ac.org\/wp-content\/uploads\/2022\/03\/cropped-\u5173\u4e8e\u6211\u4eec.jpg\" class=\"wp-image-730 style-2193-image style-local-242-c10-image\" alt=\"\" srcset=\"https:\/\/ie-ac.org\/wp-content\/uploads\/2022\/03\/cropped-\u5173\u4e8e\u6211\u4eec.jpg 1500w, https:\/\/ie-ac.org\/wp-content\/uploads\/2022\/03\/cropped-\u5173\u4e8e\u6211\u4eec-300x106.jpg 300w, https:\/\/ie-ac.org\/wp-content\/uploads\/2022\/03\/cropped-\u5173\u4e8e\u6211\u4eec-1024x361.jpg 1024w, https:\/\/ie-ac.org\/wp-content\/uploads\/2022\/03\/cropped-\u5173\u4e8e\u6211\u4eec-768x271.jpg 768w\" sizes=\"auto, (max-width: 1500px) 100vw, 1500px\" \/>\n                    <div class=\"h-image__frame h-hide-lg h-hide-md h-hide-sm style-2193-frameImage style-local-242-c10-frameImage\"><\/div>\n                  <\/div>\n                <\/div>\n              <\/div>\n            <\/div>\n          <\/div>\n        <\/div>\n      <\/div>\n    <\/div>\n    <div data-colibri-id=\"242-c11\" class=\"h-row-container gutters-row-lg-2 gutters-row-md-2 gutters-row-0 gutters-row-v-lg-2 gutters-row-v-md-2 gutters-row-v-2 style-2476 style-local-242-c11 position-relative\">\n      <!---->\n      <div class=\"h-row justify-content-lg-center justify-content-md-center justify-content-center align-items-lg-stretch align-items-md-stretch align-items-stretch gutters-col-lg-2 gutters-col-md-2 gutters-col-0 gutters-col-v-lg-2 gutters-col-v-md-2 gutters-col-v-2\">\n        <!---->\n        <div class=\"h-column h-column-container d-flex h-col-lg-auto h-col-md-auto h-col-auto style-2477-outer style-local-242-c12-outer\">\n          <div data-colibri-id=\"242-c12\" class=\"d-flex h-flex-basis h-column__inner h-px-lg-2 h-px-md-2 h-px-2 v-inner-lg-2 v-inner-md-2 v-inner-2 style-2477 style-local-242-c12 position-relative\">\n            <!---->\n            <!---->\n            <div class=\"w-100 h-y-container h-column__content h-column__v-align flex-basis-100 align-self-lg-start align-self-md-start align-self-start\">\n              <!---->\n              <div data-colibri-id=\"242-c13\" class=\"h-text h-text-component style-2196 style-local-242-c13 position-relative h-element\">\n                <!---->\n                <!---->\n                <div class=\"\">\n                  <p>Vision<\/p>\n                <\/div>\n              <\/div>\n              <div data-colibri-id=\"242-c14\" class=\"h-text h-text-component style-2197 style-local-242-c14 position-relative h-element\">\n                <!---->\n                <!---->\n                <div class=\"\">\n                  <p>\u00catre le centre exceptionnel de l'\u00e9change culturel mondial.<\/p>\n                <\/div>\n              <\/div>\n            <\/div>\n          <\/div>\n        <\/div>\n      <\/div>\n    <\/div>\n    <div data-colibri-id=\"242-c15\" class=\"h-row-container gutters-row-lg-2 gutters-row-md-2 gutters-row-0 gutters-row-v-lg-2 gutters-row-v-md-2 gutters-row-v-2 style-2479 style-local-242-c15 position-relative\">\n      <!---->\n      <div class=\"h-row justify-content-lg-center justify-content-md-center justify-content-center align-items-lg-stretch align-items-md-stretch align-items-stretch gutters-col-lg-2 gutters-col-md-2 gutters-col-0 gutters-col-v-lg-2 gutters-col-v-md-2 gutters-col-v-2\">\n        <!---->\n        <div class=\"h-column h-column-container d-flex h-col-lg-auto h-col-md-auto h-col-auto style-2480-outer style-local-242-c16-outer\">\n          <div data-colibri-id=\"242-c16\" class=\"d-flex h-flex-basis h-column__inner h-px-lg-2 h-px-md-2 h-px-2 v-inner-lg-2 v-inner-md-2 v-inner-2 style-2480 style-local-242-c16 position-relative\">\n            <!---->\n            <!---->\n            <div class=\"w-100 h-y-container h-column__content h-column__v-align flex-basis-100 align-self-lg-start align-self-md-start align-self-start\">\n              <!---->\n              <div data-colibri-id=\"242-c17\" class=\"h-text h-text-component style-2196 style-local-242-c17 position-relative h-element\">\n                <!---->\n                <!---->\n                <div class=\"\">\n                  <p>Mission<\/p>\n                <\/div>\n              <\/div>\n              <div data-colibri-id=\"242-c18\" class=\"h-text h-text-component style-2197 style-local-242-c18 position-relative h-element\">\n                <!---->\n                <!---->\n                <div class=\"\">\n                  <p>Nous r\u00eavons d'une \u00e9poque o\u00f9 la culture sera au c\u0153ur d'une soci\u00e9t\u00e9 inclusive, diversifi\u00e9e, ouverte et \u00e9galitaire.<\/p>\n                <\/div>\n              <\/div>\n              <div data-colibri-id=\"242-c19\" class=\"h-text h-text-component style-2197 style-local-242-c19 position-relative h-element\">\n                <!---->\n                <!---->\n                <div class=\"\">\n                  <p>Dans le processus de modernisation et de mondialisation, des personnes d'origines culturelles diff\u00e9rentes ont form\u00e9 un objectif commun, qui est de promouvoir le progr\u00e8s de la civilisation humaine et le d\u00e9veloppement pacifique du monde. L'IEAC offre au peuple eurasien des opportunit\u00e9s d'\u00e9change et de coop\u00e9ration culturelles, soutient l'int\u00e9gration du multiculturalisme et joue un r\u00f4le plus important dans le progr\u00e8s de la civilisation humaine.<\/p>\n                <\/div>\n              <\/div>\n            <\/div>\n          <\/div>\n        <\/div>\n      <\/div>\n    <\/div>\n    <div data-colibri-id=\"242-c20\" class=\"h-row-container gutters-row-lg-2 gutters-row-md-2 gutters-row-0 gutters-row-v-lg-2 gutters-row-v-md-2 gutters-row-v-2 style-2194 style-local-242-c20 position-relative\">\n      <!---->\n      <div class=\"h-row justify-content-lg-center justify-content-md-center justify-content-center align-items-lg-stretch align-items-md-stretch align-items-stretch gutters-col-lg-2 gutters-col-md-2 gutters-col-0 gutters-col-v-lg-2 gutters-col-v-md-2 gutters-col-v-2\">\n        <!---->\n        <div class=\"h-column h-column-container d-flex h-col-lg-auto h-col-md-auto h-col-auto style-2195-outer style-local-242-c21-outer\">\n          <div data-colibri-id=\"242-c21\" class=\"d-flex h-flex-basis h-column__inner h-px-lg-2 h-px-md-2 h-px-2 v-inner-lg-2 v-inner-md-2 v-inner-2 style-2195 style-local-242-c21 position-relative\">\n            <!---->\n            <!---->\n            <div class=\"w-100 h-y-container h-column__content h-column__v-align flex-basis-100 align-self-lg-start align-self-md-start align-self-start\">\n              <!---->\n              <div data-colibri-id=\"242-c22\" class=\"h-text h-text-component style-2196 style-local-242-c22 position-relative h-element\">\n                <!---->\n                <!---->\n                <div class=\"\">\n                  <p>\u00c9valuer<\/p>\n                <\/div>\n              <\/div>\n              <div data-colibri-id=\"242-c23\" class=\"h-text h-text-component style-2197 style-local-242-c23 position-relative h-element\">\n                <!---->\n                <!---->\n                <div class=\"\">\n                  <p>Nos valeurs fondamentales sont l'\u00e9galit\u00e9 culturelle, la diversit\u00e9, l'apprentissage tout au long de la vie, le respect et l'\u00e9treinte.<\/p>\n                <\/div>\n              <\/div>\n            <\/div>\n          <\/div>\n        <\/div>\n      <\/div>\n    <\/div>\n    <div data-colibri-id=\"242-c24\" class=\"h-row-container gutters-row-lg-2 gutters-row-md-2 gutters-row-0 gutters-row-v-lg-2 gutters-row-v-md-2 gutters-row-v-2 style-2634 style-local-242-c24 position-relative\">\n      <!---->\n      <div class=\"h-row justify-content-lg-center justify-content-md-center justify-content-center align-items-lg-stretch align-items-md-stretch align-items-stretch gutters-col-lg-2 gutters-col-md-2 gutters-col-0 gutters-col-v-lg-2 gutters-col-v-md-2 gutters-col-v-2\">\n        <!---->\n        <div class=\"h-column h-column-container d-flex h-col-lg-auto h-col-md-auto h-col-auto style-2635-outer style-local-242-c25-outer\">\n          <div data-colibri-id=\"242-c25\" class=\"d-flex h-flex-basis h-column__inner h-px-lg-2 h-px-md-2 h-px-2 v-inner-lg-2 v-inner-md-2 v-inner-2 style-2635 style-local-242-c25 position-relative\">\n            <!---->\n            <!---->\n            <div class=\"w-100 h-y-container h-column__content h-column__v-align flex-basis-100 align-self-lg-start align-self-md-start align-self-start\">\n              <!---->\n              <div data-colibri-id=\"242-c26\" class=\"h-text h-text-component style-2196 style-local-242-c26 position-relative h-element\">\n                <!---->\n                <!---->\n                <div class=\"\">\n                  <p>Politique de non-discrimination<\/p>\n                <\/div>\n              <\/div>\n              <div data-colibri-id=\"242-c27\" class=\"h-text h-text-component style-2636 style-local-242-c27 position-relative h-element\">\n                <!---->\n                <!---->\n                <div class=\"\">\n                  <p>L'IEAC se consacre \u00e0 encourager les \u00e9changes culturels et la compr\u00e9hension entre l'Europe et l'Asie. <\/p>\n                  <p>Les confrontations politiques, militaires ou id\u00e9ologiques ne font pas partie de notre travail.<\/p>\n                  <p>Nous sommes absolument oppos\u00e9s au terrorisme, aux conflits de genre\/couleur\/r\u00e9gion et \u00e0 la discrimination. <\/p>\n                  <p>Nous respectons strictement la loi, pr\u00f4nons la paix et aimons le multiculturalisme.<\/p>\n                  <p>Nous invitons les organisations ou les individus partageant la m\u00eame vision du monde, les m\u00eames valeurs et le m\u00eame code de conduite \u00e0 travailler avec nous pour promouvoir les \u00e9changes culturels internationaux.<\/p>\n                <\/div>\n              <\/div>\n            <\/div>\n          <\/div>\n        <\/div>\n      <\/div>\n    <\/div>\n  <\/div>\n<\/div>\n<\/div>","protected":false},"excerpt":{"rendered":"<p>About us The Institute of Euro-Asian Culture (IEAC) is an international non profit organization and a member institution of the Talent Development Academy for International Organizations (TDAIO).&nbsp;We seek to develop a peaceful and amicable cultural exchange platform for European and Asian countries by encouraging people from various cultural backgrounds to embrace and understand one another. [&hellip;]<\/p>","protected":false},"author":1,"featured_media":0,"parent":0,"menu_order":0,"comment_status":"closed","ping_status":"closed","template":"page-templates\/full-width-page.php","meta":{"footnotes":""},"class_list":["post-242","page","type-page","status-publish","hentry"],"_links":{"self":[{"href":"https:\/\/ie-ac.org\/fr\/wp-json\/wp\/v2\/pages\/242","targetHints":{"allow":["GET"]}}],"collection":[{"href":"https:\/\/ie-ac.org\/fr\/wp-json\/wp\/v2\/pages"}],"about":[{"href":"https:\/\/ie-ac.org\/fr\/wp-json\/wp\/v2\/types\/page"}],"author":[{"embeddable":true,"href":"https:\/\/ie-ac.org\/fr\/wp-json\/wp\/v2\/users\/1"}],"replies":[{"embeddable":true,"href":"https:\/\/ie-ac.org\/fr\/wp-json\/wp\/v2\/comments?post=242"}],"version-history":[{"count":20,"href":"https:\/\/ie-ac.org\/fr\/wp-json\/wp\/v2\/pages\/242\/revisions"}],"predecessor-version":[{"id":3011,"href":"https:\/\/ie-ac.org\/fr\/wp-json\/wp\/v2\/pages\/242\/revisions\/3011"}],"wp:attachment":[{"href":"https:\/\/ie-ac.org\/fr\/wp-json\/wp\/v2\/media?parent=242"}],"curies":[{"name":"wp","href":"https:\/\/api.w.org\/{rel}","templated":true}]}}