{"id":2587,"date":"2022-11-01T10:48:38","date_gmt":"2022-11-01T02:48:38","guid":{"rendered":"https:\/\/ie-ac.org\/?page_id=2587"},"modified":"2022-11-02T09:14:10","modified_gmt":"2022-11-02T01:14:10","slug":"publication","status":"publish","type":"page","link":"https:\/\/ie-ac.org\/fr\/publication\/","title":{"rendered":"Publication"},"content":{"rendered":"<div data-colibri-id=\"2587-c233\" class=\"style-2825 style-local-2587-c233 position-relative\">\n  <!---->\n  <div data-colibri-component=\"section\" data-colibri-id=\"2587-c234\" id=\"custom\" class=\"h-section h-section-global-spacing d-flex align-items-lg-center align-items-md-center align-items-center style-2826 style-local-2587-c234 position-relative\">\n    <!---->\n    <!---->\n    <div class=\"h-section-grid-container h-section-boxed-container\">\n      <!---->\n      <div data-colibri-id=\"2587-c235\" class=\"h-row-container gutters-row-lg-2 gutters-row-md-2 gutters-row-0 gutters-row-v-lg-2 gutters-row-v-md-2 gutters-row-v-2 style-2842 style-local-2587-c235 position-relative\">\n        <!---->\n        <div class=\"h-row justify-content-lg-center justify-content-md-center justify-content-center align-items-lg-stretch align-items-md-stretch align-items-stretch gutters-col-lg-2 gutters-col-md-2 gutters-col-0 gutters-col-v-lg-2 gutters-col-v-md-2 gutters-col-v-2\">\n          <!---->\n          <div class=\"h-column h-column-container d-flex h-col-lg-auto h-col-md-auto h-col-auto style-2843-outer style-local-2587-c236-outer\">\n            <div data-colibri-id=\"2587-c236\" class=\"d-flex h-flex-basis h-column__inner h-px-lg-2 h-px-md-2 h-px-2 v-inner-lg-2 v-inner-md-2 v-inner-2 style-2843 style-local-2587-c236 position-relative\">\n              <!---->\n              <!---->\n              <div class=\"w-100 h-y-container h-column__content h-column__v-align flex-basis-100 align-self-lg-start align-self-md-start align-self-start\">\n                <!---->\n                <div data-colibri-id=\"2587-c237\" class=\"h-global-transition-all h-heading style-2844 style-local-2587-c237 position-relative h-element\">\n                  <!---->\n                  <div class=\"h-heading__outer style-2844 style-local-2587-c237\">\n                    <!---->\n                    <!---->\n                    <h1 class=\"\">Publication<\/h1>\n                  <\/div>\n                <\/div>\n                <div data-colibri-id=\"2587-c238\" class=\"h-icon style-2846 style-local-2587-c238 position-relative h-element\">\n                  <!----><span class=\"h-svg-icon h-icon__icon style-2846-icon style-local-2587-c238-icon\"><!--Icon by Font Awesome (https:\/\/fontawesome.com)--><svg version=\"1.1\" xmlns=\"http:\/\/www.w3.org\/2000\/svg\" xmlns:xlink=\"http:\/\/www.w3.org\/1999\/xlink\" id=\"ellipsis-h\" viewbox=\"0 0 1408 1896.0833\"><path d=\"M384 736v192q0 40-28 68t-68 28H96q-40 0-68-28T0 928V736q0-40 28-68t68-28h192q40 0 68 28t28 68zm512 0v192q0 40-28 68t-68 28H608q-40 0-68-28t-28-68V736q0-40 28-68t68-28h192q40 0 68 28t28 68zm512 0v192q0 40-28 68t-68 28h-192q-40 0-68-28t-28-68V736q0-40 28-68t68-28h192q40 0 68 28t28 68z\"><\/path><\/svg><\/span><\/div>\n                <div\n                  data-colibri-id=\"2587-c241\" class=\"h-text h-text-component style-2829 style-local-2587-c241 position-relative h-element\">\n                  <!---->\n                  <!---->\n                  <div class=\"\">\n                    <p>Les articles sur cette page proviennent tous des stagiaires exceptionnels de l'IEAC, qui ont produit d'excellents r\u00e9sultats au cours de leurs stages. J'esp\u00e8re que tous les \u00e9tudiants pourront maintenir une attitude positive et rigoureuse envers les \u00e9tudes \u00e0 l'avenir et devenir un excellent talent compos\u00e9 international de haute qualit\u00e9.<\/p>\n                  <\/div>\n              <\/div>\n            <\/div>\n          <\/div>\n        <\/div>\n      <\/div>\n    <\/div>\n    <div data-colibri-id=\"2587-c242\" class=\"h-row-container gutters-row-lg-2 gutters-row-md-2 gutters-row-0 gutters-row-v-lg-2 gutters-row-v-md-2 gutters-row-v-2 style-2830 style-local-2587-c242 position-relative\">\n      <!---->\n      <div class=\"h-row justify-content-lg-center justify-content-md-center justify-content-center align-items-lg-stretch align-items-md-stretch align-items-stretch gutters-col-lg-2 gutters-col-md-2 gutters-col-0 gutters-col-v-lg-2 gutters-col-v-md-2 gutters-col-v-2\">\n        <!---->\n        <div class=\"h-column h-column-container d-flex h-col-lg-4 h-col-md-4 h-col-12 style-2833-outer style-local-2587-c243-outer\">\n          <div data-colibri-id=\"2587-c243\" class=\"d-flex h-flex-basis h-column__inner h-px-lg-2 h-px-md-2 h-px-2 v-inner-lg-2 v-inner-md-2 v-inner-2 style-2833 style-local-2587-c243 position-relative\">\n            <!---->\n            <!---->\n            <div class=\"w-100 h-y-container h-column__content h-column__v-align flex-basis-100 align-self-lg-start align-self-md-start align-self-start\">\n              <!---->\n              <div data-colibri-id=\"2587-c244\" class=\"style-2839 style-local-2587-c244 position-relative h-element\">\n                <!---->\n                <div class=\"\"><div class=\"_df_book df-lite\" id=\"df_2624\"  data-title=\"article-on-topic-7\" _slug=\"2624\" wpoptions=\"true\" thumbtype=\"bg\" ><p class=\"df-raw-loading\">Please wait while flipbook is loading. For more related info, FAQs and issues please refer to <a href=\"https:\/\/wordpress.org\/plugins\/3d-flipbook-dflip-lite\/#installation\">DearFlip WordPress Flipbook Plugin Help<\/a> documentation.<\/p><\/div><script class=\"df-shortcode-script\" type=\"application\/javascript\">window.option_df_2624 = {\"webgl\":\"true\",\"outline\":[],\"forceFit\":\"true\",\"autoEnableOutline\":\"false\",\"autoEnableThumbnail\":\"false\",\"overwritePDFOutline\":\"false\",\"enableDownload\":\"false\",\"direction\":\"1\",\"pageSize\":\"0\",\"source\":\"http:\\\/\\\/ie-ac.org\\\/wp-content\\\/uploads\\\/2022\\\/11\\\/Article-on-Topic-7Anna-Cici-Shelly-Bowen-Bella-Nancy.pdf\",\"wpOptions\":\"true\"}; if(window.DFLIP && window.DFLIP.parseBooks){window.DFLIP.parseBooks();}<\/script><\/div>\n              <\/div>\n              <div data-colibri-id=\"2587-c255\" class=\"h-text h-text-component style-2847 style-local-2587-c255 position-relative h-element\">\n                <!---->\n                <!---->\n                <div class=\"\">\n                  <p>Article sur le sujet 7<\/p>\n                <\/div>\n              <\/div>\n            <\/div>\n          <\/div>\n        <\/div>\n        <div class=\"h-column h-column-container d-flex h-col-lg-4 h-col-md-4 h-col-12 style-2834-outer style-local-2587-c245-outer\">\n          <div data-colibri-id=\"2587-c245\" class=\"d-flex h-flex-basis h-column__inner h-px-lg-2 h-px-md-2 h-px-2 v-inner-lg-2 v-inner-md-2 v-inner-2 style-2834 style-local-2587-c245 position-relative\">\n            <!---->\n            <!---->\n            <div class=\"w-100 h-y-container h-column__content h-column__v-align flex-basis-100 align-self-lg-start align-self-md-start align-self-start\">\n              <!---->\n              <div data-colibri-id=\"2587-c246\" class=\"style-2840 style-local-2587-c246 position-relative h-element\">\n                <!---->\n                <div class=\"\"><div class=\"_df_book df-lite\" id=\"df_2637\"  data-title=\"a-community-of-shared-future-for-all-humankind-group-mike\" _slug=\"a-community-of-shared-future-for-all-humankind-group-mike\" wpoptions=\"true\" thumbtype=\"bg\" ><p class=\"df-raw-loading\">Please wait while flipbook is loading. For more related info, FAQs and issues please refer to <a href=\"https:\/\/wordpress.org\/plugins\/3d-flipbook-dflip-lite\/#installation\">DearFlip WordPress Flipbook Plugin Help<\/a> documentation.<\/p><\/div><script class=\"df-shortcode-script\" type=\"application\/javascript\">window.option_df_2637 = {\"outline\":[],\"forceFit\":\"true\",\"autoEnableOutline\":\"false\",\"autoEnableThumbnail\":\"false\",\"overwritePDFOutline\":\"false\",\"enableDownload\":\"false\",\"direction\":\"1\",\"pageSize\":\"0\",\"source\":\"http:\\\/\\\/ie-ac.org\\\/wp-content\\\/uploads\\\/2022\\\/11\\\/A-community-of-shared-future-for-all-humankind-Group-Mike.pdf\",\"wpOptions\":\"true\"}; if(window.DFLIP && window.DFLIP.parseBooks){window.DFLIP.parseBooks();}<\/script><\/div>\n              <\/div>\n              <div data-colibri-id=\"2587-c256\" class=\"h-text h-text-component style-2847 style-local-2587-c256 position-relative h-element\">\n                <!---->\n                <!---->\n                <div class=\"\">\n                  <p>Une communaut\u00e9 d'avenir partag\u00e9 pour toute l'humanit\u00e9-Groupe Mike<\/p>\n                <\/div>\n              <\/div>\n            <\/div>\n          <\/div>\n        <\/div>\n        <div class=\"h-column h-column-container d-flex h-col-lg-4 h-col-md-4 h-col-12 style-2835-outer style-local-2587-c247-outer\">\n          <div data-colibri-id=\"2587-c247\" class=\"d-flex h-flex-basis h-column__inner h-px-lg-2 h-px-md-2 h-px-2 v-inner-lg-2 v-inner-md-2 v-inner-2 style-2835 style-local-2587-c247 position-relative\">\n            <!---->\n            <!---->\n            <div class=\"w-100 h-y-container h-column__content h-column__v-align flex-basis-100 align-self-lg-start align-self-md-start align-self-start\">\n              <!---->\n              <div data-colibri-id=\"2587-c248\" class=\"style-2841 style-local-2587-c248 position-relative h-element\">\n                <!---->\n                <div class=\"\"><div class=\"_df_book df-lite\" id=\"df_2639\"  data-title=\"gender-equality-in-social-networks\" _slug=\"gender-equality-in-social-networks\" wpoptions=\"true\" thumbtype=\"bg\" ><p class=\"df-raw-loading\">Please wait while flipbook is loading. For more related info, FAQs and issues please refer to <a href=\"https:\/\/wordpress.org\/plugins\/3d-flipbook-dflip-lite\/#installation\">DearFlip WordPress Flipbook Plugin Help<\/a> documentation.<\/p><\/div><script class=\"df-shortcode-script\" type=\"application\/javascript\">window.option_df_2639 = {\"outline\":[],\"forceFit\":\"true\",\"autoEnableOutline\":\"false\",\"autoEnableThumbnail\":\"false\",\"overwritePDFOutline\":\"false\",\"enableDownload\":\"false\",\"direction\":\"1\",\"pageSize\":\"0\",\"source\":\"http:\\\/\\\/ie-ac.org\\\/wp-content\\\/uploads\\\/2022\\\/11\\\/Gender-Equality-in-Social-Networks.pdf\",\"wpOptions\":\"true\"}; if(window.DFLIP && window.DFLIP.parseBooks){window.DFLIP.parseBooks();}<\/script><\/div>\n              <\/div>\n              <div data-colibri-id=\"2587-c257\" class=\"h-text h-text-component style-2847 style-local-2587-c257 position-relative h-element\">\n                <!---->\n                <!---->\n                <div class=\"\">\n                  <p>\u00c9galit\u00e9 des genres dans les r\u00e9seaux sociaux<\/p>\n                <\/div>\n              <\/div>\n            <\/div>\n          <\/div>\n        <\/div>\n      <\/div>\n    <\/div>\n    <div data-colibri-id=\"2587-c249\" class=\"h-row-container gutters-row-lg-2 gutters-row-md-2 gutters-row-0 gutters-row-v-lg-2 gutters-row-v-md-2 gutters-row-v-2 style-2830 style-local-2587-c249 position-relative\">\n      <!---->\n      <div class=\"h-row justify-content-lg-center justify-content-md-center justify-content-center align-items-lg-stretch align-items-md-stretch align-items-stretch gutters-col-lg-2 gutters-col-md-2 gutters-col-0 gutters-col-v-lg-2 gutters-col-v-md-2 gutters-col-v-2\">\n        <!---->\n        <div class=\"h-column h-column-container d-flex h-col-lg-4 h-col-md-4 h-col-12 style-2833-outer style-local-2587-c250-outer\">\n          <div data-colibri-id=\"2587-c250\" class=\"d-flex h-flex-basis h-column__inner h-px-lg-2 h-px-md-2 h-px-2 v-inner-lg-2 v-inner-md-2 v-inner-2 style-2833 style-local-2587-c250 position-relative\">\n            <!---->\n            <!---->\n            <div class=\"w-100 h-y-container h-column__content h-column__v-align flex-basis-100 align-self-lg-start align-self-md-start align-self-start\">\n              <!---->\n              <div data-colibri-id=\"2587-c251\" class=\"style-2839 style-local-2587-c251 position-relative h-element\">\n                <!---->\n                <div class=\"\"><div class=\"_df_book df-lite\" id=\"df_2643\"  data-title=\"paper-layton-aria\" _slug=\"paper-layton-aria\" wpoptions=\"true\" thumbtype=\"bg\" ><p class=\"df-raw-loading\">Please wait while flipbook is loading. For more related info, FAQs and issues please refer to <a href=\"https:\/\/wordpress.org\/plugins\/3d-flipbook-dflip-lite\/#installation\">DearFlip WordPress Flipbook Plugin Help<\/a> documentation.<\/p><\/div><script class=\"df-shortcode-script\" type=\"application\/javascript\">window.option_df_2643 = {\"outline\":[],\"forceFit\":\"true\",\"autoEnableOutline\":\"false\",\"autoEnableThumbnail\":\"false\",\"overwritePDFOutline\":\"false\",\"enableDownload\":\"false\",\"direction\":\"1\",\"pageSize\":\"0\",\"source\":\"http:\\\/\\\/ie-ac.org\\\/wp-content\\\/uploads\\\/2022\\\/11\\\/Paper-Layton-Aria.pdf\",\"wpOptions\":\"true\"}; if(window.DFLIP && window.DFLIP.parseBooks){window.DFLIP.parseBooks();}<\/script><\/div>\n              <\/div>\n              <div data-colibri-id=\"2587-c258\" class=\"h-text h-text-component style-2847 style-local-2587-c258 position-relative h-element\">\n                <!---->\n                <!---->\n                <div class=\"\">\n                  <p>Paper-Layton, Aria<\/p>\n                <\/div>\n              <\/div>\n            <\/div>\n          <\/div>\n        <\/div>\n        <div class=\"h-column h-column-container d-flex h-col-lg-4 h-col-md-4 h-col-12 style-2834-outer style-local-2587-c252-outer\">\n          <div data-colibri-id=\"2587-c252\" class=\"d-flex h-flex-basis h-column__inner h-px-lg-2 h-px-md-2 h-px-2 v-inner-lg-2 v-inner-md-2 v-inner-2 style-2834 style-local-2587-c252 position-relative\">\n            <!---->\n            <!---->\n            <div class=\"w-100 h-y-container h-column__content h-column__v-align flex-basis-100 align-self-lg-start align-self-md-start align-self-start\">\n              <!---->\n              <div data-colibri-id=\"2587-c253\" class=\"style-2840 style-local-2587-c253 position-relative h-element\">\n                <!---->\n                <div class=\"\"><div class=\"_df_book df-lite\" id=\"df_2646\"  data-title=\"discussion-on-the-improvement-of-the-compulsory-arbitration-procedure-under-the-united-nations-convention-on-the-law-of-the-sea-unclos-based-on-the-south-china-sea-arbitration-case-final\" _slug=\"discussion-on-the-improvement-of-the-compulsory-arbitration-procedure-under-the-united-nations-convention-on-the-law-of-the-sea-unclos-based-on-the-south-china-sea-arbitration-case-final\" wpoptions=\"true\" thumbtype=\"bg\" ><p class=\"df-raw-loading\">Please wait while flipbook is loading. For more related info, FAQs and issues please refer to <a href=\"https:\/\/wordpress.org\/plugins\/3d-flipbook-dflip-lite\/#installation\">DearFlip WordPress Flipbook Plugin Help<\/a> documentation.<\/p><\/div><script class=\"df-shortcode-script\" type=\"application\/javascript\">window.option_df_2646 = {\"outline\":[],\"forceFit\":\"true\",\"autoEnableOutline\":\"false\",\"autoEnableThumbnail\":\"false\",\"overwritePDFOutline\":\"false\",\"enableDownload\":\"false\",\"direction\":\"1\",\"pageSize\":\"0\",\"source\":\"http:\\\/\\\/ie-ac.org\\\/wp-content\\\/uploads\\\/2022\\\/11\\\/Discussion-on-the-Improvement-of-the-Compulsory-Arbitration-Procedure-under-the-United-Nations-Convention-on-the-Law-of-the-Sea-UNCLOS-Based-on-the-South-China-Sea-Arbitration-Case-final.pdf\",\"wpOptions\":\"true\"}; if(window.DFLIP && window.DFLIP.parseBooks){window.DFLIP.parseBooks();}<\/script><\/div>\n              <\/div>\n              <div data-colibri-id=\"2587-c259\" class=\"h-text h-text-component style-2847 style-local-2587-c259 position-relative h-element\">\n                <!---->\n                <!---->\n                <div class=\"\">\n                  <p>Discussion sur l'am\u00e9lioration de la proc\u00e9dure d'arbitrage obligatoire en vertu de la Convention des Nations Unies sur le droit de la mer (UNCLOS) - Bas\u00e9 sur l'affaire d'arbitrage de la mer de Chine m\u00e9ridionale (finale)<\/p>\n                <\/div>\n              <\/div>\n            <\/div>\n          <\/div>\n        <\/div>\n        <div class=\"h-column h-column-container d-flex h-col-lg-4 h-col-md-4 h-col-12 style-2848-outer style-local-2587-c254-outer\">\n          <div data-colibri-id=\"2587-c254\" class=\"d-flex h-flex-basis h-column__inner h-ui-empty-state-container h-px-lg-2 h-px-md-2 h-px-2 v-inner-lg-2 v-inner-md-2 v-inner-2 style-2848 style-local-2587-c254 position-relative\">\n            <!---->\n            <!---->\n            <div class=\"w-100 h-y-container h-column__content h-column__v-align flex-basis-100\">\n              <!---->\n            <\/div>\n          <\/div>\n        <\/div>\n      <\/div>\n    <\/div>\n  <\/div>\n<\/div>\n<\/div>","protected":false},"excerpt":{"rendered":"<p>publication The papers on this page are all from IEAC&#8217;s outstanding interns, who have produced excellent results during their internships. I hope that all students can maintain a positive and rigorous attitude towards studying in the future, and grow into an excellent international high-quality compound talent. Article on Topic 7 A community of shared future [&hellip;]<\/p>","protected":false},"author":1,"featured_media":0,"parent":0,"menu_order":0,"comment_status":"closed","ping_status":"closed","template":"page-templates\/full-width-page.php","meta":{"footnotes":""},"class_list":["post-2587","page","type-page","status-publish","hentry"],"_links":{"self":[{"href":"https:\/\/ie-ac.org\/fr\/wp-json\/wp\/v2\/pages\/2587","targetHints":{"allow":["GET"]}}],"collection":[{"href":"https:\/\/ie-ac.org\/fr\/wp-json\/wp\/v2\/pages"}],"about":[{"href":"https:\/\/ie-ac.org\/fr\/wp-json\/wp\/v2\/types\/page"}],"author":[{"embeddable":true,"href":"https:\/\/ie-ac.org\/fr\/wp-json\/wp\/v2\/users\/1"}],"replies":[{"embeddable":true,"href":"https:\/\/ie-ac.org\/fr\/wp-json\/wp\/v2\/comments?post=2587"}],"version-history":[{"count":11,"href":"https:\/\/ie-ac.org\/fr\/wp-json\/wp\/v2\/pages\/2587\/revisions"}],"predecessor-version":[{"id":2687,"href":"https:\/\/ie-ac.org\/fr\/wp-json\/wp\/v2\/pages\/2587\/revisions\/2687"}],"wp:attachment":[{"href":"https:\/\/ie-ac.org\/fr\/wp-json\/wp\/v2\/media?parent=2587"}],"curies":[{"name":"wp","href":"https:\/\/api.w.org\/{rel}","templated":true}]}}