{"id":327,"date":"2022-03-03T17:07:23","date_gmt":"2022-03-03T09:07:23","guid":{"rendered":"http:\/\/ie-ac.org\/?page_id=327"},"modified":"2022-03-16T17:21:59","modified_gmt":"2022-03-16T09:21:59","slug":"study-abroad-program","status":"publish","type":"page","link":"https:\/\/ie-ac.org\/fr\/study-abroad-program\/","title":{"rendered":"Programme d'\u00e9tudes \u00e0 l'\u00e9tranger"},"content":{"rendered":"<div data-colibri-id=\"327-c233\" class=\"style-1487 style-local-327-c233 position-relative\">\n  <!---->\n  <div data-colibri-component=\"section\" data-colibri-id=\"327-c234\" id=\"custom\" class=\"h-section h-section-global-spacing d-flex align-items-lg-center align-items-md-center align-items-center style-1488 style-local-327-c234 position-relative\">\n    <!---->\n    <!---->\n    <div class=\"h-section-grid-container h-section-boxed-container\">\n      <!---->\n      <div data-colibri-id=\"327-c235\" class=\"h-row-container gutters-row-lg-2 gutters-row-md-2 gutters-row-0 gutters-row-v-lg-2 gutters-row-v-md-2 gutters-row-v-2 style-2198 style-local-327-c235 position-relative\">\n        <div class=\"background-wrapper\">\n          <div class=\"background-layer background-layer-media-container-lg\">\n            <!---->\n            <div class=\"overlay-layer\">\n              <div class=\"overlay-image-layer\" style=\"background-color: rgb(0, 0, 0); opacity: 0.5;\"><\/div>\n            <\/div>\n          <\/div>\n          <div class=\"background-layer background-layer-media-container-md\">\n            <!---->\n            <div class=\"overlay-layer\">\n              <div class=\"overlay-image-layer\" style=\"background-color: rgb(0, 0, 0); opacity: 0.5;\"><\/div>\n            <\/div>\n          <\/div>\n          <div class=\"background-layer background-layer-media-container\">\n            <!---->\n            <div class=\"overlay-layer\">\n              <div class=\"overlay-image-layer\" style=\"background-color: rgb(0, 0, 0); opacity: 0.5;\"><\/div>\n            <\/div>\n          <\/div>\n        <\/div>\n        <div class=\"h-row justify-content-lg-center justify-content-md-center justify-content-center align-items-lg-stretch align-items-md-stretch align-items-stretch gutters-col-lg-2 gutters-col-md-2 gutters-col-0 gutters-col-v-lg-2 gutters-col-v-md-2 gutters-col-v-2\">\n          <!---->\n          <div class=\"h-column h-column-container d-flex h-col-lg-auto h-col-md-auto h-col-auto style-2199-outer style-local-327-c236-outer\">\n            <div data-colibri-id=\"327-c236\" class=\"d-flex h-flex-basis h-column__inner h-px-lg-2 h-px-md-2 h-px-2 v-inner-lg-2 v-inner-md-2 v-inner-2 style-2199 style-local-327-c236 position-relative\">\n              <!---->\n              <!---->\n              <div class=\"w-100 h-y-container h-column__content h-column__v-align flex-basis-100 align-self-lg-start align-self-md-start align-self-start\">\n                <!---->\n                <div data-colibri-id=\"327-c237\" class=\"style-2204 style-local-327-c237 position-relative h-element\">\n                  <!---->\n                <\/div>\n                <div data-colibri-id=\"327-c238\" class=\"h-global-transition-all h-heading style-2200 style-local-327-c238 position-relative h-element\">\n                  <!---->\n                  <div class=\"h-heading__outer style-2200 style-local-327-c238\">\n                    <!---->\n                    <!---->\n                    <h1 class=\"\">Programme d'\u00e9tudes \u00e0 l'\u00e9tranger<\/h1>\n                  <\/div>\n                <\/div>\n                <div data-colibri-id=\"327-c239\" class=\"h-icon style-2207 style-local-327-c239 position-relative h-element\">\n                  <!----><span class=\"h-svg-icon h-icon__icon style-2207-icon style-local-327-c239-icon\"><!--Icon by Font Awesome (https:\/\/fontawesome.com)--><svg version=\"1.1\" xmlns=\"http:\/\/www.w3.org\/2000\/svg\" xmlns:xlink=\"http:\/\/www.w3.org\/1999\/xlink\" id=\"ellipsis-h\" viewbox=\"0 0 1408 1896.0833\"><path d=\"M384 736v192q0 40-28 68t-68 28H96q-40 0-68-28T0 928V736q0-40 28-68t68-28h192q40 0 68 28t28 68zm512 0v192q0 40-28 68t-68 28H608q-40 0-68-28t-28-68V736q0-40 28-68t68-28h192q40 0 68 28t28 68zm512 0v192q0 40-28 68t-68 28h-192q-40 0-68-28t-28-68V736q0-40 28-68t68-28h192q40 0 68 28t28 68z\"><\/path><\/svg><\/span><\/div>\n                <div\n                  data-colibri-id=\"327-c240\" class=\"h-text h-text-component style-1491 style-local-327-c240 position-relative h-element\">\n                  <!---->\n                  <!---->\n                  <div class=\"\">\n                    <p>Nous faisons le programme MEASU, un programme sur la mobilit\u00e9 des \u00e9tudiants europ\u00e9ens et asiatiques \u00e0 l'universit\u00e9.<\/p>\n                    <p><span style=\"font-family: Poppins;\">Nous sommes pr\u00eats \u00e0 vous aider \u00e0 explorer le monde, peu importe o\u00f9 vous voulez aller. <\/span><\/p>\n                    <p><span style=\"font-family: Poppins;\">Vous avez la chance de d\u00e9couvrir l'attraction et le myst\u00e8re de l'Asie et l'\u00e9tonnante Europe.<\/span><\/p>\n                  <\/div>\n              <\/div>\n              <div data-colibri-id=\"327-c241\" class=\"style-2205 style-local-327-c241 position-relative h-element\">\n                <!---->\n              <\/div>\n            <\/div>\n          <\/div>\n        <\/div>\n      <\/div>\n    <\/div>\n  <\/div>\n<\/div>\n<div data-colibri-component=\"section\" data-colibri-id=\"327-c242\" id=\"custom-2\" class=\"h-section h-section-global-spacing d-flex align-items-lg-center align-items-md-center align-items-center style-1508 style-local-327-c242 position-relative\">\n  <!---->\n  <!---->\n  <div class=\"h-section-grid-container h-section-boxed-container\">\n    <!---->\n    <div data-colibri-id=\"327-c243\" class=\"h-row-container gutters-row-lg-2 gutters-row-md-2 gutters-row-0 gutters-row-v-lg-2 gutters-row-v-md-2 gutters-row-v-2 style-2208 style-local-327-c243 position-relative\">\n      <!---->\n      <div class=\"h-row justify-content-lg-center justify-content-md-center justify-content-center align-items-lg-stretch align-items-md-stretch align-items-stretch gutters-col-lg-2 gutters-col-md-2 gutters-col-0 gutters-col-v-lg-2 gutters-col-v-md-2 gutters-col-v-2\">\n        <!---->\n        <div class=\"h-column h-column-container d-flex h-col-lg-auto h-col-md-auto h-col-auto style-2209-outer style-local-327-c244-outer\">\n          <div data-colibri-id=\"327-c244\" class=\"d-flex h-flex-basis h-column__inner h-px-lg-2 h-px-md-2 h-px-2 v-inner-lg-2 v-inner-md-2 v-inner-2 style-2209 style-local-327-c244 position-relative\">\n            <!---->\n            <!---->\n            <div class=\"w-100 h-y-container h-column__content h-column__v-align flex-basis-100 align-self-lg-start align-self-md-start align-self-start\">\n              <!---->\n              <div data-colibri-id=\"327-c245\" class=\"h-global-transition-all h-heading style-1511 style-local-327-c245 position-relative h-element\">\n                <!---->\n                <div class=\"h-heading__outer style-1511 style-local-327-c245\">\n                  <!---->\n                  <!---->\n                  <h1 class=\"\">\u00c9tudier en Asie<\/h1>\n                <\/div>\n              <\/div>\n            <\/div>\n          <\/div>\n        <\/div>\n      <\/div>\n    <\/div>\n    <div data-colibri-id=\"327-c246\" class=\"h-row-container gutters-row-lg-2 gutters-row-md-2 gutters-row-0 gutters-row-v-lg-2 gutters-row-v-md-2 gutters-row-v-2 style-1509 style-local-327-c246 position-relative\">\n      <!---->\n      <div class=\"h-row justify-content-lg-center justify-content-md-center justify-content-center align-items-lg-stretch align-items-md-stretch align-items-stretch gutters-col-lg-2 gutters-col-md-2 gutters-col-0 gutters-col-v-lg-2 gutters-col-v-md-2 gutters-col-v-2\">\n        <!---->\n        <div class=\"h-column h-column-container d-flex h-col-lg-auto h-col-md-auto h-col-auto style-1510-outer style-local-327-c247-outer\">\n          <div data-colibri-id=\"327-c247\" class=\"d-flex h-flex-basis h-column__inner h-px-lg-2 h-px-md-2 h-px-2 v-inner-lg-2 v-inner-md-2 v-inner-2 style-1510 style-local-327-c247 position-relative\">\n            <!---->\n            <!---->\n            <div class=\"w-100 h-y-container h-column__content h-column__v-align flex-basis-100 align-self-lg-center align-self-md-center align-self-center\">\n              <!---->\n              <div data-colibri-id=\"327-c248\" class=\"h-icon style-2211 style-local-327-c248 position-relative h-element\">\n                <!----><span class=\"h-svg-icon h-icon__icon style-2211-icon style-local-327-c248-icon\"><!--Icon by Font Awesome (https:\/\/fontawesome.com)--><svg version=\"1.1\" xmlns=\"http:\/\/www.w3.org\/2000\/svg\" xmlns:xlink=\"http:\/\/www.w3.org\/1999\/xlink\" id=\"quote-left\" viewbox=\"0 0 1664 1896.0833\"><path d=\"M768 960v384q0 80-56 136t-136 56H192q-80 0-136-56T0 1344V640q0-104 40.5-198.5T150 278t163.5-109.5T512 128h64q26 0 45 19t19 45v128q0 26-19 45t-45 19h-64q-106 0-181 75t-75 181v32q0 40 28 68t68 28h224q80 0 136 56t56 136zm896 0v384q0 80-56 136t-136 56h-384q-80 0-136-56t-56-136V640q0-104 40.5-198.5T1046 278t163.5-109.5T1408 128h64q26 0 45 19t19 45v128q0 26-19 45t-45 19h-64q-106 0-181 75t-75 181v32q0 40 28 68t68 28h224q80 0 136 56t56 136z\"><\/path><\/svg><\/span><\/div>\n              <div\n                data-colibri-id=\"327-c249\" class=\"h-text h-text-component style-1512 style-local-327-c249 position-relative h-element\">\n                <!---->\n                <!---->\n                <div class=\"\">\n                  <p><span style=\"font-family: Poppins;\">L'Asie, o\u00f9 tout ce que vous voulez devient r\u00e9alit\u00e9. Il y a des paysages fantastiques, des cultures m\u00e9tropolitaines vigoureuses et diversifi\u00e9es, et le plus important, des frais de vie abordables et un plan de carri\u00e8re prometteur.<\/span><\/p>\n                  <p><span style=\"font-family: Poppins;\">L'Asie poss\u00e8de une vaste r\u00e9gion et les plus grandes populations, dans lesquelles les monuments c\u00e9l\u00e8bres et les visites touristiques sont bien entretenus. En m\u00eame temps, c'est le foyer de nombreux pays d\u00e9velopp\u00e9s et de cultures brillantes et magnifiques. Les pays asiatiques montrent leur attrait pour les gens du monde entier et \u00e9tablissent \u00e9galement leur renomm\u00e9e dans le domaine de l'\u00e9conomie mondiale.<\/span><\/p>\n                  <p><span style=\"font-family: Poppins;\">\u00c9tudier en Asie est un programme tel que vous vous impliquerez dans un v\u00e9ritable campus asiatique plein d'enthousiasme pour \u00e9tudier partout. De plus, vous pouvez vous \u00e9panouir pleinement dans la vie locale et vivre un mode de vie totalement diff\u00e9rent de l'Europe.<\/span><\/p>\n                <\/div>\n            <\/div>\n            <div data-colibri-id=\"327-c250\" class=\"h-x-container style-2482 style-local-327-c250 position-relative h-element\">\n              <!---->\n              <div class=\"h-x-container-inner style-dynamic-327-c250-group style-2482-spacing style-local-327-c250-spacing\"><span class=\"h-button__outer style-2483-outer style-local-327-c251-outer d-inline-flex h-element\"><a h-use-smooth-scroll=\"true\" href=\"http:\/\/ie-ac.org\/index.php\/study-in-china\/\"  data-colibri-id=\"327-c251\" class=\"d-flex w-100 align-items-center h-button justify-content-lg-center justify-content-md-center justify-content-center style-2483 style-local-327-c251 position-relative\"><!----><!----> <span>Suite&gt;<\/span><\/a>\n                <\/span>\n              <\/div>\n            <\/div>\n          <\/div>\n        <\/div>\n      <\/div>\n      <div class=\"h-column h-column-container d-flex h-col-lg-auto h-col-md-auto h-col-auto style-1515-outer style-local-327-c252-outer\">\n        <div data-colibri-id=\"327-c252\" class=\"d-flex h-flex-basis h-column__inner h-px-lg-2 h-px-md-2 h-px-2 v-inner-lg-2 v-inner-md-2 v-inner-2 style-1515 style-local-327-c252 position-relative\">\n          <!---->\n          <!---->\n          <div class=\"w-100 h-y-container h-column__content h-column__v-align flex-basis-100 align-self-lg-center align-self-md-center align-self-center\">\n            <!---->\n            <div data-colibri-id=\"327-c253\" class=\"d-block style-1516 style-local-327-c253 position-relative h-element\">\n              <!---->\n              <div class=\"h-image__frame-container-outer\">\n                <div class=\"h-image__frame-container\">\n                  <!---->\n                  <!---->\n                  <img loading=\"lazy\" decoding=\"async\" width=\"1500\" height=\"1500\" src=\"http:\/\/ie-ac.org\/wp-content\/uploads\/2022\/03\/\u5728\u4e9a\u6d32\u5b66\u4e60.jpg\" class=\"wp-image-942 style-1516-image style-local-327-c253-image\" alt=\"\" srcset=\"https:\/\/ie-ac.org\/wp-content\/uploads\/2022\/03\/\u5728\u4e9a\u6d32\u5b66\u4e60.jpg 1500w, https:\/\/ie-ac.org\/wp-content\/uploads\/2022\/03\/\u5728\u4e9a\u6d32\u5b66\u4e60-300x300.jpg 300w, https:\/\/ie-ac.org\/wp-content\/uploads\/2022\/03\/\u5728\u4e9a\u6d32\u5b66\u4e60-1024x1024.jpg 1024w, https:\/\/ie-ac.org\/wp-content\/uploads\/2022\/03\/\u5728\u4e9a\u6d32\u5b66\u4e60-150x150.jpg 150w, https:\/\/ie-ac.org\/wp-content\/uploads\/2022\/03\/\u5728\u4e9a\u6d32\u5b66\u4e60-768x768.jpg 768w\" sizes=\"auto, (max-width: 1500px) 100vw, 1500px\" \/>\n                  <div class=\"h-image__frame h-hide-lg h-hide-md h-hide-sm style-1516-frameImage style-local-327-c253-frameImage\"><\/div>\n                <\/div>\n              <\/div>\n            <\/div>\n            <div data-colibri-id=\"327-c254\" class=\"h-icon style-2213 style-local-327-c254 position-relative h-element\">\n              <!----><span class=\"h-svg-icon h-icon__icon style-2213-icon style-local-327-c254-icon\"><!--Icon by Font Awesome (https:\/\/fontawesome.com)--><svg version=\"1.1\" xmlns=\"http:\/\/www.w3.org\/2000\/svg\" xmlns:xlink=\"http:\/\/www.w3.org\/1999\/xlink\" id=\"quote-right\" viewbox=\"0 0 1664 1896.0833\"><path d=\"M768 320v704q0 104-40.5 198.5T618 1386t-163.5 109.5T256 1536h-64q-26 0-45-19t-19-45v-128q0-26 19-45t45-19h64q106 0 181-75t75-181v-32q0-40-28-68t-68-28H192q-80 0-136-56T0 704V320q0-80 56-136t136-56h384q80 0 136 56t56 136zm896 0v704q0 104-40.5 198.5T1514 1386t-163.5 109.5T1152 1536h-64q-26 0-45-19t-19-45v-128q0-26 19-45t45-19h64q106 0 181-75t75-181v-32q0-40-28-68t-68-28h-224q-80 0-136-56t-56-136V320q0-80 56-136t136-56h384q80 0 136 56t56 136z\"><\/path><\/svg><\/span><\/div>\n          <\/div>\n        <\/div>\n      <\/div>\n    <\/div>\n  <\/div>\n<\/div>\n<\/div>\n<div data-colibri-component=\"section\" data-colibri-id=\"327-c255\" id=\"custom-2\" class=\"h-section h-section-global-spacing d-flex align-items-lg-center align-items-md-center align-items-center style-2214 style-local-327-c255 position-relative\">\n  <!---->\n  <!---->\n  <div class=\"h-section-grid-container h-section-boxed-container\">\n    <!---->\n    <div data-colibri-id=\"327-c256\" class=\"h-row-container gutters-row-lg-2 gutters-row-md-2 gutters-row-0 gutters-row-v-lg-2 gutters-row-v-md-2 gutters-row-v-2 style-2208 style-local-327-c256 position-relative\">\n      <!---->\n      <div class=\"h-row justify-content-lg-center justify-content-md-center justify-content-center align-items-lg-stretch align-items-md-stretch align-items-stretch gutters-col-lg-2 gutters-col-md-2 gutters-col-0 gutters-col-v-lg-2 gutters-col-v-md-2 gutters-col-v-2\">\n        <!---->\n        <div class=\"h-column h-column-container d-flex h-col-lg-auto h-col-md-auto h-col-auto style-2209-outer style-local-327-c257-outer\">\n          <div data-colibri-id=\"327-c257\" class=\"d-flex h-flex-basis h-column__inner h-px-lg-2 h-px-md-2 h-px-2 v-inner-lg-2 v-inner-md-2 v-inner-2 style-2209 style-local-327-c257 position-relative\">\n            <!---->\n            <!---->\n            <div class=\"w-100 h-y-container h-column__content h-column__v-align flex-basis-100 align-self-lg-start align-self-md-start align-self-start\">\n              <!---->\n              <div data-colibri-id=\"327-c258\" class=\"h-global-transition-all h-heading style-1511 style-local-327-c258 position-relative h-element\">\n                <!---->\n                <div class=\"h-heading__outer style-1511 style-local-327-c258\">\n                  <!---->\n                  <!---->\n                  <h1 class=\"\">\u00c9tudier en Europe<\/h1>\n                <\/div>\n              <\/div>\n            <\/div>\n          <\/div>\n        <\/div>\n      <\/div>\n    <\/div>\n    <div data-colibri-id=\"327-c259\" class=\"h-row-container gutters-row-lg-2 gutters-row-md-2 gutters-row-0 gutters-row-v-lg-2 gutters-row-v-md-2 gutters-row-v-2 style-1509 style-local-327-c259 position-relative\">\n      <!---->\n      <div class=\"h-row justify-content-lg-center justify-content-md-center justify-content-center align-items-lg-stretch align-items-md-stretch align-items-stretch gutters-col-lg-2 gutters-col-md-2 gutters-col-0 gutters-col-v-lg-2 gutters-col-v-md-2 gutters-col-v-2\">\n        <!---->\n        <div class=\"h-column h-column-container d-flex h-col-lg-auto h-col-md-auto h-col-auto style-1515-outer style-local-327-c260-outer\">\n          <div data-colibri-id=\"327-c260\" class=\"d-flex h-flex-basis h-column__inner h-px-lg-2 h-px-md-2 h-px-2 v-inner-lg-2 v-inner-md-2 v-inner-2 style-1515 style-local-327-c260 position-relative\">\n            <!---->\n            <!---->\n            <div class=\"w-100 h-y-container h-column__content h-column__v-align flex-basis-100 align-self-lg-center align-self-md-center align-self-center\">\n              <!---->\n              <div data-colibri-id=\"327-c261\" class=\"h-icon style-2211 style-local-327-c261 position-relative h-element\">\n                <!----><span class=\"h-svg-icon h-icon__icon style-2211-icon style-local-327-c261-icon\"><!--Icon by Font Awesome (https:\/\/fontawesome.com)--><svg version=\"1.1\" xmlns=\"http:\/\/www.w3.org\/2000\/svg\" xmlns:xlink=\"http:\/\/www.w3.org\/1999\/xlink\" id=\"quote-left\" viewbox=\"0 0 1664 1896.0833\"><path d=\"M768 960v384q0 80-56 136t-136 56H192q-80 0-136-56T0 1344V640q0-104 40.5-198.5T150 278t163.5-109.5T512 128h64q26 0 45 19t19 45v128q0 26-19 45t-45 19h-64q-106 0-181 75t-75 181v32q0 40 28 68t68 28h224q80 0 136 56t56 136zm896 0v384q0 80-56 136t-136 56h-384q-80 0-136-56t-56-136V640q0-104 40.5-198.5T1046 278t163.5-109.5T1408 128h64q26 0 45 19t19 45v128q0 26-19 45t-45 19h-64q-106 0-181 75t-75 181v32q0 40 28 68t68 28h224q80 0 136 56t56 136z\"><\/path><\/svg><\/span><\/div>\n              <div\n                data-colibri-id=\"327-c262\" class=\"d-block style-1516 style-local-327-c262 position-relative h-element\">\n                <!---->\n                <div class=\"h-image__frame-container-outer\">\n                  <div class=\"h-image__frame-container\">\n                    <!---->\n                    <!---->\n                    <img loading=\"lazy\" decoding=\"async\" width=\"1500\" height=\"1500\" src=\"http:\/\/ie-ac.org\/wp-content\/uploads\/2022\/03\/\u5728\u6b27\u6d32\u5b66\u4e60.jpg\" class=\"wp-image-943 style-1516-image style-local-327-c262-image\" alt=\"\" srcset=\"https:\/\/ie-ac.org\/wp-content\/uploads\/2022\/03\/\u5728\u6b27\u6d32\u5b66\u4e60.jpg 1500w, https:\/\/ie-ac.org\/wp-content\/uploads\/2022\/03\/\u5728\u6b27\u6d32\u5b66\u4e60-300x300.jpg 300w, https:\/\/ie-ac.org\/wp-content\/uploads\/2022\/03\/\u5728\u6b27\u6d32\u5b66\u4e60-1024x1024.jpg 1024w, https:\/\/ie-ac.org\/wp-content\/uploads\/2022\/03\/\u5728\u6b27\u6d32\u5b66\u4e60-150x150.jpg 150w, https:\/\/ie-ac.org\/wp-content\/uploads\/2022\/03\/\u5728\u6b27\u6d32\u5b66\u4e60-768x768.jpg 768w\" sizes=\"auto, (max-width: 1500px) 100vw, 1500px\" \/>\n                    <div class=\"h-image__frame h-hide-lg h-hide-md h-hide-sm style-1516-frameImage style-local-327-c262-frameImage\"><\/div>\n                  <\/div>\n                <\/div>\n            <\/div>\n          <\/div>\n        <\/div>\n      <\/div>\n      <div class=\"h-column h-column-container d-flex h-col-lg-auto h-col-md-auto h-col-auto style-1510-outer style-local-327-c263-outer\">\n        <div data-colibri-id=\"327-c263\" class=\"d-flex h-flex-basis h-column__inner h-px-lg-2 h-px-md-2 h-px-2 v-inner-lg-2 v-inner-md-2 v-inner-2 style-1510 style-local-327-c263 position-relative\">\n          <!---->\n          <!---->\n          <div class=\"w-100 h-y-container h-column__content h-column__v-align flex-basis-100 align-self-lg-center align-self-md-center align-self-center\">\n            <!---->\n            <div data-colibri-id=\"327-c264\" class=\"h-text h-text-component style-1512 style-local-327-c264 position-relative h-element\">\n              <!---->\n              <!---->\n              <div class=\"\">\n                <p><span style=\"font-family: Poppins;\">Ou voulez vous Etudier? A Paris ou au Danemark, en Turquie ou en Espagne ? Ne vous inqui\u00e9tez pas, tant que vous rejoignez le programme Study in Europe, vous avez la possibilit\u00e9 de discuter et d'\u00e9tudier que ce soit en anglais, en France ou en espagnol, ce ne serait pas un probl\u00e8me. L\u00e0, vous pourrez explorer un v\u00e9ritable monde englobant de nombreux types de cultures.<\/span><\/p>\n                <p><span style=\"font-family: Poppins;\">Sur le plan acad\u00e9mique, \u00e9tudier en Europe doit \u00eatre un moyen efficace pour vous de vous associer au monde gr\u00e2ce aux diff\u00e9rentes universit\u00e9s et classes prestigieuses en Europe. Vous allez faire des progr\u00e8s acad\u00e9miques et peaufiner votre CV.<\/span><\/p>\n                <p><span style=\"font-family: Poppins;\">Si vous voulez vivre une vie internationale, vous pouvez aller \u00e0 Paris ou \u00e0 Londres. Si vous voulez vous d\u00e9tendre, vous pouvez vous rendre \u00e0 Barcelone ou \u00e0 Amsterdam. Cependant, si vous participez \u00e0 l'\u00e9tude du programme europ\u00e9en, vous aurez la possibilit\u00e9 de r\u00e9aliser votre d\u00e9sir pour les arts, la culture, la musique ou l'architecture et tout ce que vous pouvez imaginer.<\/span><\/p>\n              <\/div>\n            <\/div>\n            <div data-colibri-id=\"327-c265\" class=\"h-x-container style-2484 style-local-327-c265 position-relative h-element\">\n              <!---->\n              <div class=\"h-x-container-inner style-dynamic-327-c265-group style-2484-spacing style-local-327-c265-spacing\"><span class=\"h-button__outer style-2485-outer style-local-327-c266-outer d-inline-flex h-element\"><a h-use-smooth-scroll=\"true\" href=\"http:\/\/ie-ac.org\/index.php\/study-in-france\/\"  data-colibri-id=\"327-c266\" class=\"d-flex w-100 align-items-center h-button justify-content-lg-center justify-content-md-center justify-content-center style-2485 style-local-327-c266 position-relative\"><!----><!----> <span>Suite&gt;<\/span><\/a>\n                <\/span>\n              <\/div>\n            <\/div>\n            <div data-colibri-id=\"327-c267\" class=\"h-icon style-2213 style-local-327-c267 position-relative h-element\">\n              <!----><span class=\"h-svg-icon h-icon__icon style-2213-icon style-local-327-c267-icon\"><!--Icon by Font Awesome (https:\/\/fontawesome.com)--><svg version=\"1.1\" xmlns=\"http:\/\/www.w3.org\/2000\/svg\" xmlns:xlink=\"http:\/\/www.w3.org\/1999\/xlink\" id=\"quote-right\" viewbox=\"0 0 1664 1896.0833\"><path d=\"M768 320v704q0 104-40.5 198.5T618 1386t-163.5 109.5T256 1536h-64q-26 0-45-19t-19-45v-128q0-26 19-45t45-19h64q106 0 181-75t75-181v-32q0-40-28-68t-68-28H192q-80 0-136-56T0 704V320q0-80 56-136t136-56h384q80 0 136 56t56 136zm896 0v704q0 104-40.5 198.5T1514 1386t-163.5 109.5T1152 1536h-64q-26 0-45-19t-19-45v-128q0-26 19-45t45-19h64q106 0 181-75t75-181v-32q0-40-28-68t-68-28h-224q-80 0-136-56t-56-136V320q0-80 56-136t136-56h384q80 0 136 56t56 136z\"><\/path><\/svg><\/span><\/div>\n          <\/div>\n        <\/div>\n      <\/div>\n    <\/div>\n  <\/div>\n<\/div>\n<\/div>\n<\/div>","protected":false},"excerpt":{"rendered":"<p>Study abroad program We are doing the MEASU Program, a program about Mobility of European and Asia students in University. We are ready to assist you to explore the world, no matter where you want to go. You have a chance to experience the attracting and mystery Asia and amazing Europe. Study in Asia Asia, [&hellip;]<\/p>","protected":false},"author":1,"featured_media":0,"parent":0,"menu_order":0,"comment_status":"closed","ping_status":"closed","template":"page-templates\/full-width-page.php","meta":{"footnotes":""},"class_list":["post-327","page","type-page","status-publish","hentry"],"_links":{"self":[{"href":"https:\/\/ie-ac.org\/fr\/wp-json\/wp\/v2\/pages\/327","targetHints":{"allow":["GET"]}}],"collection":[{"href":"https:\/\/ie-ac.org\/fr\/wp-json\/wp\/v2\/pages"}],"about":[{"href":"https:\/\/ie-ac.org\/fr\/wp-json\/wp\/v2\/types\/page"}],"author":[{"embeddable":true,"href":"https:\/\/ie-ac.org\/fr\/wp-json\/wp\/v2\/users\/1"}],"replies":[{"embeddable":true,"href":"https:\/\/ie-ac.org\/fr\/wp-json\/wp\/v2\/comments?post=327"}],"version-history":[{"count":18,"href":"https:\/\/ie-ac.org\/fr\/wp-json\/wp\/v2\/pages\/327\/revisions"}],"predecessor-version":[{"id":2116,"href":"https:\/\/ie-ac.org\/fr\/wp-json\/wp\/v2\/pages\/327\/revisions\/2116"}],"wp:attachment":[{"href":"https:\/\/ie-ac.org\/fr\/wp-json\/wp\/v2\/media?parent=327"}],"curies":[{"name":"wp","href":"https:\/\/api.w.org\/{rel}","templated":true}]}}