{"id":401,"date":"2022-03-04T11:37:21","date_gmt":"2022-03-04T03:37:21","guid":{"rendered":"http:\/\/ie-ac.org\/?page_id=401"},"modified":"2023-01-11T09:44:00","modified_gmt":"2023-01-11T08:44:00","slug":"euro-asian-cultural-exchange-seminar","status":"publish","type":"page","link":"https:\/\/ie-ac.org\/fr\/euro-asian-cultural-exchange-seminar\/","title":{"rendered":"S\u00e9minaire d'\u00e9change culturel euro-asiatique"},"content":{"rendered":"<div data-colibri-id=\"401-c990\" class=\"style-1564 style-local-401-c990 position-relative\">\n  <!---->\n  <div data-colibri-component=\"section\" data-colibri-id=\"401-c991\" id=\"about\" class=\"h-section h-section-global-spacing d-flex align-items-lg-center align-items-md-center align-items-center style-1663 style-local-401-c991 position-relative\">\n    <div class=\"background-wrapper\">\n      <div class=\"background-layer background-layer-media-container-lg\">\n        <!---->\n        <div class=\"overlay-layer\">\n          <div class=\"overlay-image-layer\" style=\"background-color: rgb(255, 255, 255); opacity: 0.5;\"><\/div>\n        <\/div>\n      <\/div>\n      <div class=\"background-layer background-layer-media-container-md\">\n        <!---->\n        <div class=\"overlay-layer\">\n          <div class=\"overlay-image-layer\" style=\"background-color: rgb(255, 255, 255); opacity: 0.5;\"><\/div>\n        <\/div>\n      <\/div>\n      <div class=\"background-layer background-layer-media-container\">\n        <!---->\n        <div class=\"overlay-layer\">\n          <div class=\"overlay-image-layer\" style=\"background-color: rgb(255, 255, 255); opacity: 0.5;\"><\/div>\n        <\/div>\n      <\/div>\n    <\/div>\n    <!---->\n    <div class=\"h-section-grid-container h-section-boxed-container\">\n      <!---->\n      <div data-colibri-id=\"401-c992\" class=\"h-row-container gutters-row-lg-2 gutters-row-md-2 gutters-row-0 gutters-row-v-lg-2 gutters-row-v-md-2 gutters-row-v-2 style-2232 style-local-401-c992 position-relative\">\n        <!---->\n        <div class=\"h-row justify-content-lg-center justify-content-md-center justify-content-center align-items-lg-stretch align-items-md-stretch align-items-stretch gutters-col-lg-2 gutters-col-md-2 gutters-col-0 gutters-col-v-lg-2 gutters-col-v-md-2 gutters-col-v-2\">\n          <!---->\n          <div class=\"h-column h-column-container d-flex h-col-lg-auto h-col-md-auto h-col-auto style-2233-outer style-local-401-c993-outer\">\n            <div data-colibri-id=\"401-c993\" class=\"d-flex h-flex-basis h-column__inner h-px-lg-2 h-px-md-2 h-px-2 v-inner-lg-2 v-inner-md-2 v-inner-2 style-2233 style-local-401-c993 position-relative\">\n              <!---->\n              <!---->\n              <div class=\"w-100 h-y-container h-column__content h-column__v-align flex-basis-100 align-self-lg-start align-self-md-start align-self-start\">\n                <!---->\n                <div data-colibri-id=\"401-c994\" class=\"h-global-transition-all h-heading style-2234 style-local-401-c994 position-relative h-element\">\n                  <!---->\n                  <div class=\"h-heading__outer style-2234 style-local-401-c994\">\n                    <!---->\n                    <!---->\n                    <h1 class=\"\">S\u00e9minaire d'\u00e9change culturel euro-asiatique<\/h1>\n                  <\/div>\n                <\/div>\n                <div data-colibri-id=\"401-c995\" class=\"h-icon style-2238 style-local-401-c995 position-relative h-element\">\n                  <!----><span class=\"h-svg-icon h-icon__icon style-2238-icon style-local-401-c995-icon\"><!--Icon by Font Awesome (https:\/\/fontawesome.com)--><svg version=\"1.1\" xmlns=\"http:\/\/www.w3.org\/2000\/svg\" xmlns:xlink=\"http:\/\/www.w3.org\/1999\/xlink\" id=\"ellipsis-h\" viewbox=\"0 0 1408 1896.0833\"><path d=\"M384 736v192q0 40-28 68t-68 28H96q-40 0-68-28T0 928V736q0-40 28-68t68-28h192q40 0 68 28t28 68zm512 0v192q0 40-28 68t-68 28H608q-40 0-68-28t-28-68V736q0-40 28-68t68-28h192q40 0 68 28t28 68zm512 0v192q0 40-28 68t-68 28h-192q-40 0-68-28t-28-68V736q0-40 28-68t68-28h192q40 0 68 28t28 68z\"><\/path><\/svg><\/span><\/div>\n                <div\n                  data-colibri-id=\"401-c996\" class=\"d-block style-2239 style-local-401-c996 position-relative h-element\">\n                  <!---->\n                  <div class=\"h-image__frame-container-outer\">\n                    <div class=\"h-image__frame-container\">\n                      <!---->\n                      <!---->\n                      <img loading=\"lazy\" decoding=\"async\" width=\"1000\" height=\"384\" src=\"http:\/\/ie-ac.org\/wp-content\/uploads\/2022\/03\/cropped-\u7814\u8ba8\u4f1a-2.jpg\" class=\"wp-image-840 style-2239-image style-local-401-c996-image\" alt=\"\" srcset=\"https:\/\/ie-ac.org\/wp-content\/uploads\/2022\/03\/cropped-\u7814\u8ba8\u4f1a-2.jpg 1000w, https:\/\/ie-ac.org\/wp-content\/uploads\/2022\/03\/cropped-\u7814\u8ba8\u4f1a-2-300x115.jpg 300w, https:\/\/ie-ac.org\/wp-content\/uploads\/2022\/03\/cropped-\u7814\u8ba8\u4f1a-2-768x295.jpg 768w\" sizes=\"auto, (max-width: 1000px) 100vw, 1000px\" \/>\n                      <div class=\"h-image__frame h-hide-lg h-hide-md h-hide-sm style-2239-frameImage style-local-401-c996-frameImage\"><\/div>\n                    <\/div>\n                  <\/div>\n              <\/div>\n              <div data-colibri-id=\"401-c997\" class=\"h-text h-text-component style-1668 style-local-401-c997 position-relative h-element\">\n                <!---->\n                <!---->\n                <div class=\"\">\n                  <p><span style=\"font-family: Poppins;\">Ces derni\u00e8res ann\u00e9es, la coop\u00e9ration euro-asiatique dans le domaine de la diversit\u00e9 culturelle, \u00e9ducative, \u00e9conomique et linguistique s'est d\u00e9velopp\u00e9e \u00e0 pas de g\u00e9ant. Le m\u00e9canisme du dialogue interpersonnel a la m\u00eame importance que le dialogue strat\u00e9gique de haut niveau et il r\u00e9pond aux attentes mutuelles des deux peuples.<\/span><\/p>\n                  <p><span style=\"font-family: Poppins;\">L'IEAC organisera de temps en temps des s\u00e9minaires d'\u00e9changes culturels internationaux et invitera des experts et des universitaires renomm\u00e9s \u00e0 prendre la parole lors de l'\u00e9v\u00e9nement. dialogue, transmission d'informations et partage d'exp\u00e9riences. Il est tr\u00e8s important que les gens de diff\u00e9rents pays comprennent les valeurs et les normes de chacun lorsqu'ils interagissent les uns avec les autres.<\/span><\/p>\n                  <p>\n                    <br>\n                  <\/p>\n                <\/div>\n              <\/div>\n            <\/div>\n          <\/div>\n        <\/div>\n      <\/div>\n    <\/div>\n  <\/div>\n<\/div>\n<\/div>","protected":false},"excerpt":{"rendered":"<p>Euro-asian Cultural Exchange Seminar In recent years, Euro-Asian cooperation in cultural, educational, economic and linguistic diversity has grown by leaps and bounds. The mechanism for The People-to-People Dialogue has the same importance as the high-level strategic dialogue, and it fits the two peoples&#8217; mutual expectations. IEAC will hold international cultural exchange seminars from time to [&hellip;]<\/p>","protected":false},"author":1,"featured_media":0,"parent":0,"menu_order":0,"comment_status":"closed","ping_status":"closed","template":"page-templates\/full-width-page.php","meta":{"footnotes":""},"class_list":["post-401","page","type-page","status-publish","hentry"],"_links":{"self":[{"href":"https:\/\/ie-ac.org\/fr\/wp-json\/wp\/v2\/pages\/401","targetHints":{"allow":["GET"]}}],"collection":[{"href":"https:\/\/ie-ac.org\/fr\/wp-json\/wp\/v2\/pages"}],"about":[{"href":"https:\/\/ie-ac.org\/fr\/wp-json\/wp\/v2\/types\/page"}],"author":[{"embeddable":true,"href":"https:\/\/ie-ac.org\/fr\/wp-json\/wp\/v2\/users\/1"}],"replies":[{"embeddable":true,"href":"https:\/\/ie-ac.org\/fr\/wp-json\/wp\/v2\/comments?post=401"}],"version-history":[{"count":15,"href":"https:\/\/ie-ac.org\/fr\/wp-json\/wp\/v2\/pages\/401\/revisions"}],"predecessor-version":[{"id":2845,"href":"https:\/\/ie-ac.org\/fr\/wp-json\/wp\/v2\/pages\/401\/revisions\/2845"}],"wp:attachment":[{"href":"https:\/\/ie-ac.org\/fr\/wp-json\/wp\/v2\/media?parent=401"}],"curies":[{"name":"wp","href":"https:\/\/api.w.org\/{rel}","templated":true}]}}