{"id":554,"date":"2022-03-05T15:57:06","date_gmt":"2022-03-05T07:57:06","guid":{"rendered":"http:\/\/ie-ac.org\/?page_id=554"},"modified":"2022-03-16T17:34:17","modified_gmt":"2022-03-16T09:34:17","slug":"2022-2024-business-plan","status":"publish","type":"page","link":"https:\/\/ie-ac.org\/fr\/2022-2024-business-plan\/","title":{"rendered":"Plan d'affaires 2022-2024"},"content":{"rendered":"<div data-colibri-id=\"554-c233\" class=\"style-1875 style-local-554-c233 position-relative\">\n  <!---->\n  <div data-colibri-component=\"section\" data-colibri-id=\"554-c234\" id=\"overlappable-2\" class=\"h-section h-section-global-spacing d-flex align-items-lg-center align-items-md-center align-items-center style-1882 style-local-554-c234 position-relative\">\n    <!---->\n    <!---->\n    <div class=\"h-section-grid-container h-section-boxed-container\">\n      <!---->\n      <div data-colibri-id=\"554-c235\" class=\"h-row-container gutters-row-lg-2 gutters-row-md-2 gutters-row-0 gutters-row-v-lg-2 gutters-row-v-md-2 gutters-row-v-2 style-1902 style-local-554-c235 position-relative\">\n        <!---->\n        <div class=\"h-row justify-content-lg-center justify-content-md-center justify-content-center align-items-lg-stretch align-items-md-stretch align-items-stretch gutters-col-lg-2 gutters-col-md-2 gutters-col-0 gutters-col-v-lg-2 gutters-col-v-md-2 gutters-col-v-2\">\n          <!---->\n          <div class=\"h-column h-column-container d-flex h-col-lg-auto h-col-md-auto h-col-auto style-1903-outer style-local-554-c236-outer\">\n            <div data-colibri-id=\"554-c236\" class=\"d-flex h-flex-basis h-column__inner h-px-lg-2 h-px-md-2 h-px-2 v-inner-lg-2 v-inner-md-2 v-inner-2 style-1903 style-local-554-c236 position-relative\">\n              <!---->\n              <!---->\n              <div class=\"w-100 h-y-container h-column__content h-column__v-align flex-basis-100 align-self-lg-start align-self-md-start align-self-start\">\n                <!---->\n                <div data-colibri-id=\"554-c237\" class=\"h-global-transition-all h-heading style-1904 style-local-554-c237 position-relative h-element\">\n                  <!---->\n                  <div class=\"h-heading__outer style-1904 style-local-554-c237\">\n                    <!---->\n                    <!---->\n                    <h1 class=\"\">Plan d'affaires 2022-2024<\/h1>\n                  <\/div>\n                <\/div>\n                <div data-colibri-id=\"554-c238\" class=\"h-icon style-2098 style-local-554-c238 position-relative h-element\">\n                  <!----><span class=\"h-svg-icon h-icon__icon style-2098-icon style-local-554-c238-icon\"><!--Icon by Font Awesome (https:\/\/fontawesome.com)--><svg version=\"1.1\" xmlns=\"http:\/\/www.w3.org\/2000\/svg\" xmlns:xlink=\"http:\/\/www.w3.org\/1999\/xlink\" id=\"ellipsis-h\" viewbox=\"0 0 1408 1896.0833\"><path d=\"M384 736v192q0 40-28 68t-68 28H96q-40 0-68-28T0 928V736q0-40 28-68t68-28h192q40 0 68 28t28 68zm512 0v192q0 40-28 68t-68 28H608q-40 0-68-28t-28-68V736q0-40 28-68t68-28h192q40 0 68 28t28 68zm512 0v192q0 40-28 68t-68 28h-192q-40 0-68-28t-28-68V736q0-40 28-68t68-28h192q40 0 68 28t28 68z\"><\/path><\/svg><\/span><\/div>\n              <\/div>\n            <\/div>\n          <\/div>\n        <\/div>\n      <\/div>\n      <div data-colibri-id=\"554-c239\" class=\"h-row-container gutters-row-lg-0 gutters-row-md-0 gutters-row-0 gutters-row-v-lg-0 gutters-row-v-md-0 gutters-row-v-0 style-1883 style-local-554-c239 position-relative\">\n        <!---->\n        <div class=\"h-row justify-content-lg-center justify-content-md-center justify-content-center align-items-lg-stretch align-items-md-stretch align-items-stretch gutters-col-lg-0 gutters-col-md-0 gutters-col-0 gutters-col-v-lg-0 gutters-col-v-md-0 gutters-col-v-0\">\n          <!---->\n          <div class=\"h-column h-column-container d-flex h-col-lg-auto h-col-md-auto h-col-auto style-1884-outer style-local-554-c240-outer\">\n            <div data-colibri-id=\"554-c240\" class=\"d-flex h-flex-basis h-column__inner h-px-lg-2 h-px-md-2 h-px-3 v-inner-lg-2 v-inner-md-2 v-inner-3 style-1884 style-local-554-c240 position-relative\">\n              <!---->\n              <!---->\n              <div class=\"w-100 h-y-container h-column__content h-column__v-align flex-basis-100 align-self-lg-start align-self-md-start align-self-start\">\n                <!---->\n                <div data-colibri-id=\"554-c241\" class=\"h-global-transition-all h-heading style-1885 style-local-554-c241 position-relative h-element\">\n                  <!---->\n                  <div class=\"h-heading__outer style-1885 style-local-554-c241\">\n                    <!---->\n                    <!---->\n                    <h3 class=\"\">.1<\/h3>\n                  <\/div>\n                <\/div>\n                <div data-colibri-id=\"554-c242\" class=\"h-text h-text-component style-1889 style-local-554-c242 position-relative h-element\">\n                  <!---->\n                  <!---->\n                  <div class=\"\">\n                    <p><span style=\"font-family: Poppins;\">Compiler le guide des \u00e9tudes universitaires euro-asiatiques \u00e0 l'\u00e9tranger<\/span><\/p>\n                  <\/div>\n                <\/div>\n              <\/div>\n            <\/div>\n          <\/div>\n          <div class=\"h-column h-column-container d-flex h-col-lg-auto h-col-md-auto h-col-auto style-1887-outer style-local-554-c243-outer\">\n            <div data-colibri-id=\"554-c243\" class=\"d-flex h-flex-basis h-column__inner h-px-lg-2 h-px-md-2 h-px-3 v-inner-lg-2 v-inner-md-2 v-inner-3 style-1887 style-local-554-c243 position-relative\">\n              <!---->\n              <!---->\n              <div class=\"w-100 h-y-container h-column__content h-column__v-align flex-basis-100 align-self-lg-start align-self-md-start align-self-start\">\n                <!---->\n                <div data-colibri-id=\"554-c244\" class=\"h-global-transition-all h-heading style-1885 style-local-554-c244 position-relative h-element\">\n                  <!---->\n                  <div class=\"h-heading__outer style-1885 style-local-554-c244\">\n                    <!---->\n                    <!---->\n                    <h3 class=\"\">.2<\/h3>\n                  <\/div>\n                <\/div>\n                <div data-colibri-id=\"554-c245\" class=\"h-text h-text-component style-1889 style-local-554-c245 position-relative h-element\">\n                  <!---->\n                  <!---->\n                  <div class=\"\">\n                    <p>Accueillir\/co-organiser les conf\u00e9rences internationales d'\u00e9change culturel euro-asiatique<\/p>\n                  <\/div>\n                <\/div>\n              <\/div>\n            <\/div>\n          <\/div>\n          <div class=\"h-column h-column-container d-flex h-col-lg-auto h-col-md-auto h-col-auto style-1887-outer style-local-554-c246-outer\">\n            <div data-colibri-id=\"554-c246\" class=\"d-flex h-flex-basis h-column__inner h-px-lg-2 h-px-md-2 h-px-3 v-inner-lg-2 v-inner-md-2 v-inner-3 style-1887 style-local-554-c246 position-relative\">\n              <!---->\n              <!---->\n              <div class=\"w-100 h-y-container h-column__content h-column__v-align flex-basis-100 align-self-lg-start align-self-md-start align-self-start\">\n                <!---->\n                <div data-colibri-id=\"554-c247\" class=\"h-global-transition-all h-heading style-1885 style-local-554-c247 position-relative h-element\">\n                  <!---->\n                  <div class=\"h-heading__outer style-1885 style-local-554-c247\">\n                    <!---->\n                    <!---->\n                    <h3 class=\"\">.3<\/h3>\n                  <\/div>\n                <\/div>\n                <div data-colibri-id=\"554-c248\" class=\"h-text h-text-component style-1889 style-local-554-c248 position-relative h-element\">\n                  <!---->\n                  <!---->\n                  <div class=\"\">\n                    <p>Parrainer\/co-organiser des publications internationales<\/p>\n                    <p>\n                      <br>\n                    <\/p>\n                  <\/div>\n                <\/div>\n              <\/div>\n            <\/div>\n          <\/div>\n        <\/div>\n      <\/div>\n      <div data-colibri-id=\"554-c249\" class=\"h-row-container gutters-row-lg-2 gutters-row-md-2 gutters-row-0 gutters-row-v-lg-2 gutters-row-v-md-2 gutters-row-v-2 style-1890 style-local-554-c249 position-relative\">\n        <!---->\n        <div class=\"h-row justify-content-lg-center justify-content-md-center justify-content-center align-items-lg-stretch align-items-md-stretch align-items-stretch gutters-col-lg-2 gutters-col-md-2 gutters-col-0 gutters-col-v-lg-2 gutters-col-v-md-2 gutters-col-v-2\">\n          <!---->\n          <div class=\"h-column h-column-container d-flex h-col-lg-auto h-col-md-auto h-col-auto style-1891-outer style-local-554-c250-outer\">\n            <div data-colibri-id=\"554-c250\" class=\"d-flex h-flex-basis h-column__inner h-px-lg-2 h-px-md-2 h-px-2 v-inner-lg-2 v-inner-md-2 v-inner-2 style-1891 style-local-554-c250 position-relative\">\n              <!---->\n              <!---->\n              <div class=\"w-100 h-y-container h-column__content h-column__v-align flex-basis-100 align-self-lg-start align-self-md-start align-self-start\">\n                <!---->\n                <div data-colibri-id=\"554-c251\" class=\"style-1892 style-local-554-c251 position-relative h-element\">\n                  <!---->\n                <\/div>\n              <\/div>\n            <\/div>\n          <\/div>\n        <\/div>\n      <\/div>\n    <\/div>\n  <\/div>\n  <div data-colibri-component=\"section\" data-colibri-id=\"554-c252\" id=\"overlappable-3\" class=\"h-section h-section-global-spacing d-flex align-items-lg-center align-items-md-center align-items-center style-1893 style-local-554-c252 position-relative\">\n    <!---->\n    <!---->\n    <div class=\"h-section-grid-container h-section-boxed-container\">\n      <!---->\n      <div data-colibri-id=\"554-c253\" class=\"h-row-container gutters-row-lg-0 gutters-row-md-0 gutters-row-0 gutters-row-v-lg-0 gutters-row-v-md-0 gutters-row-v-0 style-1894 style-local-554-c253 position-relative\">\n        <!---->\n        <div class=\"h-row justify-content-lg-center justify-content-md-center justify-content-center align-items-lg-stretch align-items-md-stretch align-items-stretch gutters-col-lg-0 gutters-col-md-0 gutters-col-0 gutters-col-v-lg-0 gutters-col-v-md-0 gutters-col-v-0\">\n          <!---->\n          <div class=\"h-column h-column-container d-flex h-col-lg-auto h-col-md-auto h-col-auto style-1895-outer style-local-554-c254-outer\">\n            <div data-colibri-id=\"554-c254\" class=\"d-flex h-flex-basis h-column__inner h-px-lg-2 h-px-md-2 h-px-3 v-inner-lg-2 v-inner-md-2 v-inner-3 style-1895 style-local-554-c254 position-relative\">\n              <!---->\n              <!---->\n              <div class=\"w-100 h-y-container h-column__content h-column__v-align flex-basis-100 align-self-lg-start align-self-md-start align-self-start\">\n                <!---->\n                <div data-colibri-id=\"554-c255\" class=\"h-global-transition-all h-heading style-1896 style-local-554-c255 position-relative h-element\">\n                  <!---->\n                  <div class=\"h-heading__outer style-1896 style-local-554-c255\">\n                    <!---->\n                    <!---->\n                    <h3 class=\"\">.4<\/h3>\n                  <\/div>\n                <\/div>\n                <div data-colibri-id=\"554-c256\" class=\"h-text h-text-component style-1900 style-local-554-c256 position-relative h-element\">\n                  <!---->\n                  <!---->\n                  <div class=\"\">\n                    <p>Cours de langue euro-asiatique ouverts<\/p>\n                  <\/div>\n                <\/div>\n              <\/div>\n            <\/div>\n          <\/div>\n          <div class=\"h-column h-column-container d-flex h-col-lg-auto h-col-md-auto h-col-auto style-1898-outer style-local-554-c257-outer\">\n            <div data-colibri-id=\"554-c257\" class=\"d-flex h-flex-basis h-column__inner h-px-lg-2 h-px-md-2 h-px-3 v-inner-lg-2 v-inner-md-2 v-inner-3 style-1898 style-local-554-c257 position-relative\">\n              <!---->\n              <!---->\n              <div class=\"w-100 h-y-container h-column__content h-column__v-align flex-basis-100 align-self-lg-start align-self-md-start align-self-start\">\n                <!---->\n                <div data-colibri-id=\"554-c258\" class=\"h-global-transition-all h-heading style-1896 style-local-554-c258 position-relative h-element\">\n                  <!---->\n                  <div class=\"h-heading__outer style-1896 style-local-554-c258\">\n                    <!---->\n                    <!---->\n                    <h3 class=\"\">.5<\/h3>\n                  <\/div>\n                <\/div>\n                <div data-colibri-id=\"554-c259\" class=\"h-text h-text-component style-1900 style-local-554-c259 position-relative h-element\">\n                  <!---->\n                  <!---->\n                  <div class=\"\">\n                    <p><span style=\"font-family: Poppins;\">Fournir une assistance-conseil pour \u00e9tudier \u00e0 l'\u00e9tranger dans certaines universit\u00e9s d'Europe et d'Asie<\/span><\/p>\n                  <\/div>\n                <\/div>\n              <\/div>\n            <\/div>\n          <\/div>\n          <div class=\"h-column h-column-container d-flex h-col-lg-auto h-col-md-auto h-col-auto style-1898-outer style-local-554-c260-outer\">\n            <div data-colibri-id=\"554-c260\" class=\"d-flex h-flex-basis h-column__inner h-px-lg-2 h-px-md-2 h-px-3 v-inner-lg-2 v-inner-md-2 v-inner-3 style-1898 style-local-554-c260 position-relative\">\n              <!---->\n              <!---->\n              <div class=\"w-100 h-y-container h-column__content h-column__v-align flex-basis-100 align-self-lg-start align-self-md-start align-self-start\">\n                <!---->\n                <div data-colibri-id=\"554-c261\" class=\"h-global-transition-all h-heading style-1896 style-local-554-c261 position-relative h-element\">\n                  <!---->\n                  <div class=\"h-heading__outer style-1896 style-local-554-c261\">\n                    <!---->\n                    <!---->\n                    <h3 class=\"\">.6<\/h3>\n                  <\/div>\n                <\/div>\n                <div data-colibri-id=\"554-c262\" class=\"h-text h-text-component style-1901 style-local-554-c262 position-relative h-element\">\n                  <!---->\n                  <!---->\n                  <div class=\"\">\n                    <p><span style=\"font-family: Poppins;\">Recherche sur les \u00e9changes culturels internationaux r\u00e9gionaux et les \u00e9changes acad\u00e9miques<\/span><\/p>\n                  <\/div>\n                <\/div>\n              <\/div>\n            <\/div>\n          <\/div>\n        <\/div>\n      <\/div>\n    <\/div>\n  <\/div>\n<\/div>","protected":false},"excerpt":{"rendered":"<p>2022-2024 Business Plan .1 Compile Euro-Asian University Study Abroad Guide .2 Host\/co-organize the Euro-Asian Cultural International Exchange Conferences .3 Sponsor\/co-organize international publications .4 Open Euro-Asian language courses .5 Provide consulting assistance for studying abroad in some universities in Europe and Asia .6 Research on regional international cultural exchanges and academic exchanges<\/p>","protected":false},"author":1,"featured_media":0,"parent":0,"menu_order":0,"comment_status":"closed","ping_status":"closed","template":"page-templates\/full-width-page.php","meta":{"footnotes":""},"class_list":["post-554","page","type-page","status-publish","hentry"],"_links":{"self":[{"href":"https:\/\/ie-ac.org\/fr\/wp-json\/wp\/v2\/pages\/554","targetHints":{"allow":["GET"]}}],"collection":[{"href":"https:\/\/ie-ac.org\/fr\/wp-json\/wp\/v2\/pages"}],"about":[{"href":"https:\/\/ie-ac.org\/fr\/wp-json\/wp\/v2\/types\/page"}],"author":[{"embeddable":true,"href":"https:\/\/ie-ac.org\/fr\/wp-json\/wp\/v2\/users\/1"}],"replies":[{"embeddable":true,"href":"https:\/\/ie-ac.org\/fr\/wp-json\/wp\/v2\/comments?post=554"}],"version-history":[{"count":20,"href":"https:\/\/ie-ac.org\/fr\/wp-json\/wp\/v2\/pages\/554\/revisions"}],"predecessor-version":[{"id":2241,"href":"https:\/\/ie-ac.org\/fr\/wp-json\/wp\/v2\/pages\/554\/revisions\/2241"}],"wp:attachment":[{"href":"https:\/\/ie-ac.org\/fr\/wp-json\/wp\/v2\/media?parent=554"}],"curies":[{"name":"wp","href":"https:\/\/api.w.org\/{rel}","templated":true}]}}