{"id":595,"date":"2022-03-05T16:24:32","date_gmt":"2022-03-05T08:24:32","guid":{"rendered":"http:\/\/ie-ac.org\/?page_id=595"},"modified":"2022-03-15T14:18:57","modified_gmt":"2022-03-15T06:18:57","slug":"founders-speech","status":"publish","type":"page","link":"https:\/\/ie-ac.org\/fr\/founders-speech\/","title":{"rendered":"Discours du fondateur"},"content":{"rendered":"<div data-colibri-id=\"595-c233\" class=\"style-1950 style-local-595-c233 position-relative\">\n  <!---->\n  <div data-colibri-component=\"section\" data-colibri-id=\"595-c234\" id=\"custom\" class=\"h-section h-section-global-spacing d-flex align-items-lg-center align-items-md-center align-items-center style-2172 style-local-595-c234 position-relative\">\n    <!---->\n    <!---->\n    <div class=\"h-section-grid-container h-section-boxed-container\">\n      <!---->\n      <div data-colibri-id=\"595-c235\" class=\"h-row-container gutters-row-lg-2 gutters-row-md-2 gutters-row-0 gutters-row-v-lg-2 gutters-row-v-md-2 gutters-row-v-2 style-2179 style-local-595-c235 position-relative\">\n        <!---->\n        <div class=\"h-row justify-content-lg-center justify-content-md-center justify-content-center align-items-lg-stretch align-items-md-stretch align-items-stretch gutters-col-lg-2 gutters-col-md-2 gutters-col-0 gutters-col-v-lg-2 gutters-col-v-md-2 gutters-col-v-2\">\n          <!---->\n          <div class=\"h-column h-column-container d-flex h-col-lg-auto h-col-md-auto h-col-auto style-2180-outer style-local-595-c236-outer\">\n            <div data-colibri-id=\"595-c236\" class=\"d-flex h-flex-basis h-column__inner h-px-lg-2 h-px-md-2 h-px-2 v-inner-lg-2 v-inner-md-2 v-inner-2 style-2180 style-local-595-c236 position-relative\">\n              <!---->\n              <!---->\n              <div class=\"w-100 h-y-container h-column__content h-column__v-align flex-basis-100 align-self-lg-start align-self-md-start align-self-start\">\n                <!---->\n                <div data-colibri-id=\"595-c237\" class=\"h-global-transition-all h-heading style-2111 style-local-595-c237 position-relative h-element\">\n                  <!---->\n                  <div class=\"h-heading__outer style-2111 style-local-595-c237\">\n                    <!---->\n                    <!---->\n                    <h3 class=\"\">Discours du fondateur<\/h3>\n                  <\/div>\n                <\/div>\n                <div data-colibri-id=\"595-c238\" class=\"h-icon style-2182 style-local-595-c238 position-relative h-element\">\n                  <!----><span class=\"h-svg-icon h-icon__icon style-2182-icon style-local-595-c238-icon\"><!--Icon by Font Awesome (https:\/\/fontawesome.com)--><svg version=\"1.1\" xmlns=\"http:\/\/www.w3.org\/2000\/svg\" xmlns:xlink=\"http:\/\/www.w3.org\/1999\/xlink\" id=\"ellipsis-h\" viewbox=\"0 0 1408 1896.0833\"><path d=\"M384 736v192q0 40-28 68t-68 28H96q-40 0-68-28T0 928V736q0-40 28-68t68-28h192q40 0 68 28t28 68zm512 0v192q0 40-28 68t-68 28H608q-40 0-68-28t-28-68V736q0-40 28-68t68-28h192q40 0 68 28t28 68zm512 0v192q0 40-28 68t-68 28h-192q-40 0-68-28t-28-68V736q0-40 28-68t68-28h192q40 0 68 28t28 68z\"><\/path><\/svg><\/span><\/div>\n              <\/div>\n            <\/div>\n          <\/div>\n        <\/div>\n      <\/div>\n      <div data-colibri-id=\"595-c239\" class=\"h-row-container gutters-row-lg-2 gutters-row-md-2 gutters-row-0 gutters-row-v-lg-2 gutters-row-v-md-2 gutters-row-v-2 style-2173 style-local-595-c239 position-relative\">\n        <!---->\n        <div class=\"h-row justify-content-lg-center justify-content-md-center justify-content-center align-items-lg-stretch align-items-md-stretch align-items-stretch gutters-col-lg-2 gutters-col-md-2 gutters-col-0 gutters-col-v-lg-2 gutters-col-v-md-2 gutters-col-v-2\">\n          <!---->\n          <div class=\"h-column h-column-container d-flex h-col-lg-auto h-col-md-auto h-col-auto style-2174-outer style-local-595-c240-outer\">\n            <div data-colibri-id=\"595-c240\" class=\"d-flex h-flex-basis h-column__inner h-px-lg-2 h-px-md-2 h-px-2 v-inner-lg-2 v-inner-md-2 v-inner-2 style-2174 style-local-595-c240 position-relative\">\n              <!---->\n              <!---->\n              <div class=\"w-100 h-y-container h-column__content h-column__v-align flex-basis-100 align-self-lg-center align-self-md-center align-self-center\">\n                <!---->\n                <div data-colibri-id=\"595-c241\" class=\"d-block style-2171 style-local-595-c241 position-relative h-element\">\n                  <!---->\n                  <div class=\"h-image__frame-container-outer\">\n                    <div class=\"h-image__frame-container\">\n                      <!---->\n                      <!---->\n                      <img loading=\"lazy\" decoding=\"async\" width=\"1508\" height=\"1080\" src=\"http:\/\/ie-ac.org\/wp-content\/uploads\/2022\/03\/cropped-getty_516691574_343410.jpg\" class=\"wp-image-713 style-2171-image style-local-595-c241-image\" alt=\"\" srcset=\"https:\/\/ie-ac.org\/wp-content\/uploads\/2022\/03\/cropped-getty_516691574_343410.jpg 1508w, https:\/\/ie-ac.org\/wp-content\/uploads\/2022\/03\/cropped-getty_516691574_343410-300x215.jpg 300w, https:\/\/ie-ac.org\/wp-content\/uploads\/2022\/03\/cropped-getty_516691574_343410-1024x733.jpg 1024w, https:\/\/ie-ac.org\/wp-content\/uploads\/2022\/03\/cropped-getty_516691574_343410-768x550.jpg 768w\" sizes=\"auto, (max-width: 1508px) 100vw, 1508px\" \/>\n                      <div class=\"h-image__frame h-hide-lg h-hide-md h-hide-sm style-2171-frameImage style-local-595-c241-frameImage\"><\/div>\n                    <\/div>\n                  <\/div>\n                <\/div>\n              <\/div>\n            <\/div>\n          <\/div>\n          <div class=\"h-column h-column-container d-flex h-col-lg-auto h-col-md-auto h-col-auto style-2175-outer style-local-595-c242-outer\">\n            <div data-colibri-id=\"595-c242\" class=\"d-flex h-flex-basis h-column__inner h-px-lg-2 h-px-md-2 h-px-2 v-inner-lg-2 v-inner-md-2 v-inner-2 style-2175 style-local-595-c242 position-relative\">\n              <!---->\n              <!---->\n              <div class=\"w-100 h-y-container h-column__content h-column__v-align flex-basis-100 align-self-lg-center align-self-md-center align-self-center\">\n                <!---->\n                <div data-colibri-id=\"595-c243\" class=\"h-text h-text-component style-2164 style-local-595-c243 position-relative h-element\">\n                  <!---->\n                  <!---->\n                  <div class=\"\">\n                    <p><em style=\"font-weight: 400; font-size: 16px; font-family: &quot;Open Sans&quot;; color: rgb(102, 102, 102);\">Pour moi, l'Institut de culture euro-asiatique \u00e9tait une \u00e9vidence puisque je forme des \u00e9tudiants chinois \u00e0 l'interculturalit\u00e9. Une telle organisation manquait dans le paysage associatif tant en Europe qu'en Asie. C'est d\u00e9sormais une r\u00e9alit\u00e9, nous allons pouvoir \u00e9changer entre nos deux continents et nous rapprocher sous l'angle positif de la culture. C'est une organisation de la soci\u00e9t\u00e9 civile qui remplit cette mission. Cet aspect est, \u00e0 mon avis, tr\u00e8s important.<\/em><\/p>\n                    <p><em>J'esp\u00e8re que vous, qui nous rejoignez aujourd'hui, ressentirez la m\u00eame excitation que moi. Avec l'Institut de Culture Euro-Asiatique, nous commen\u00e7ons une nouvelle exploration culturelle. J'avoue que les choses ont bien chang\u00e9 depuis l'\u00e2ge d'or de nos aventuriers modernes au d\u00e9but du 20\u00e8me si\u00e8cle (Ren\u00e9 Caill\u00e9, Pierre Loti\u2026) ou dans la Chine ancienne avec Zhang Qian et Zheng He. Nous n'allons pas prendre des bateaux, monter des chameaux, et je ne sais quoi d'autre ! La mondialisation a boulevers\u00e9 nos relations. L'alt\u00e9rit\u00e9 s'est transform\u00e9e en une exp\u00e9rience singuli\u00e8re.<\/em><\/p>\n                  <\/div>\n                <\/div>\n              <\/div>\n            <\/div>\n          <\/div>\n        <\/div>\n      <\/div>\n      <div data-colibri-id=\"595-c244\" class=\"h-row-container gutters-row-lg-2 gutters-row-md-2 gutters-row-0 gutters-row-v-lg-2 gutters-row-v-md-2 gutters-row-v-2 style-2176 style-local-595-c244 position-relative\">\n        <!---->\n        <div class=\"h-row justify-content-lg-center justify-content-md-center justify-content-center align-items-lg-stretch align-items-md-stretch align-items-stretch gutters-col-lg-2 gutters-col-md-2 gutters-col-0 gutters-col-v-lg-2 gutters-col-v-md-2 gutters-col-v-2\">\n          <!---->\n          <div class=\"h-column h-column-container d-flex h-col-lg-auto h-col-md-auto h-col-auto style-2177-outer style-local-595-c245-outer\">\n            <div data-colibri-id=\"595-c245\" class=\"d-flex h-flex-basis h-column__inner h-px-lg-2 h-px-md-2 h-px-2 v-inner-lg-2 v-inner-md-2 v-inner-2 style-2177 style-local-595-c245 position-relative\">\n              <!---->\n              <!---->\n              <div class=\"w-100 h-y-container h-column__content h-column__v-align flex-basis-100 align-self-lg-start align-self-md-start align-self-start\">\n                <!---->\n                <div data-colibri-id=\"595-c246\" class=\"h-text h-text-component style-2178 style-local-595-c246 position-relative h-element\">\n                  <!---->\n                  <!---->\n                  <div class=\"\">\n                    <p><em>L'Institut de la culture euro-asiatique est une connexion entre deux civilisations diff\u00e9rentes. La civilisation chinoise est \u00e0 bien des \u00e9gards \u00e0 l'oppos\u00e9 de la civilisation europ\u00e9enne. Victor Segalen, voyageur de l'esth\u00e9tique de la diversit\u00e9, l'avait mesur\u00e9 lors de ses p\u00e9r\u00e9grinations en Chine.&nbsp;<\/em><\/p>\n                    <p><em>Cela reste vrai malgr\u00e9 la mondialisation, l'\u00e9mergence de nouvelles g\u00e9n\u00e9rations et la peur de la standardisation. Cette diversit\u00e9 culturelle entre nos deux continents reste observable. J'ai pu l'observer, non seulement sur les classiques culturels (alimentation, communication, etc.), mais aussi sur le plan acad\u00e9mique. Par exemple, \u00ab l'involution \u00bb est un nouveau ph\u00e9nom\u00e8ne caract\u00e9ristique que vous d\u00e9couvrirez en c\u00f4toyant une brillante jeunesse chinoise.&nbsp;<\/em><\/p>\n                    <p><em>Dans ce contexte, la mission de l'Institut est de favoriser les \u00e9changes d'\u00e9tudiants entre les deux continents. C'est une invitation, selon une citation de Victor Segalen, \u00e0 \u00ab honorer l'homme dans l'homme et le reste dans sa diversit\u00e9 \u00bb.<\/em><\/p>\n                    <p><em>L'Institut de Culture Euro-Asiatique est la mise en \u0153uvre concr\u00e8te du dialogue des civilisations. A vol d'oiseau, Paris et P\u00e9kin sont distants de plus de 8 217 km. Pour de nombreux Europ\u00e9ens, l'Asie est per\u00e7ue, \u00e0 tort ou \u00e0 raison, comme un pays exotique. L'\u00e9loignement g\u00e9ographique joue sur notre imaginaire : tout est myst\u00e9rieux ! Le regard de l'Asie sur l'Europe est parfois le r\u00e9sultat de ce m\u00eame processus de r\u00eaverie.<\/em><\/p>\n                    <p><em>L'absence ou la mauvaise connaissance de l'autre pr\u00e9sente un danger que certains ont th\u00e9oris\u00e9 comme un choc des civilisations. Dans l'histoire de l'humanit\u00e9, les conflits sont n\u00e9s d'incompr\u00e9hensions et du manque d'espace pour le dialogue.<\/em><\/p>\n                    <p><em>Or, le monde d'aujourd'hui, comme l'a remarquablement \u00e9tudi\u00e9 le philosophe Edouard Glissant, est un monde entier (\u00ab Agis \u00e0 ta place, pense avec le monde \u00bb) symbolis\u00e9 par l'\u00e9tat de mondialit\u00e9 et de relation, c'est-\u00e0-dire l'interp\u00e9n\u00e9tration des cultures. .<\/em><\/p>\n                    <p><em>Avec les fondateurs, nous croyons au partage, nous croyons \u00e0 l'\u00e9change. Nous travaillons pour respecter les cultures de chaque civilisation. Nous encourageons l'alt\u00e9rit\u00e9 et la civilisation de l'universel (l'apport de chaque civilisation \u00e0 l'humanit\u00e9).<\/em><\/p>\n                    <p><em>Telles sont les valeurs port\u00e9es par cette institution\u00a0pour les jeunes et les \u00e9tudiants de ces deux grands continents.<\/em><\/p>\n                    <p><em>Nous vous souhaitons la bienvenue !<\/em><\/p>\n                  <\/div>\n                <\/div>\n              <\/div>\n            <\/div>\n          <\/div>\n        <\/div>\n      <\/div>\n    <\/div>\n  <\/div>\n<\/div>","protected":false},"excerpt":{"rendered":"<p>Founder\u2019s Speech For me, the Institute of Euro-Asian Culture was an obvious choice since I train Chinese students in interculturality. Such an organization was missing in the associative landscape both in Europe and in Asia. It is now a reality, we will be able to exchange between our two continents and get closer under the [&hellip;]<\/p>","protected":false},"author":1,"featured_media":0,"parent":0,"menu_order":0,"comment_status":"closed","ping_status":"closed","template":"page-templates\/full-width-page.php","meta":{"footnotes":""},"class_list":["post-595","page","type-page","status-publish","hentry"],"_links":{"self":[{"href":"https:\/\/ie-ac.org\/fr\/wp-json\/wp\/v2\/pages\/595","targetHints":{"allow":["GET"]}}],"collection":[{"href":"https:\/\/ie-ac.org\/fr\/wp-json\/wp\/v2\/pages"}],"about":[{"href":"https:\/\/ie-ac.org\/fr\/wp-json\/wp\/v2\/types\/page"}],"author":[{"embeddable":true,"href":"https:\/\/ie-ac.org\/fr\/wp-json\/wp\/v2\/users\/1"}],"replies":[{"embeddable":true,"href":"https:\/\/ie-ac.org\/fr\/wp-json\/wp\/v2\/comments?post=595"}],"version-history":[{"count":13,"href":"https:\/\/ie-ac.org\/fr\/wp-json\/wp\/v2\/pages\/595\/revisions"}],"predecessor-version":[{"id":1999,"href":"https:\/\/ie-ac.org\/fr\/wp-json\/wp\/v2\/pages\/595\/revisions\/1999"}],"wp:attachment":[{"href":"https:\/\/ie-ac.org\/fr\/wp-json\/wp\/v2\/media?parent=595"}],"curies":[{"name":"wp","href":"https:\/\/api.w.org\/{rel}","templated":true}]}}